{"id":9464,"date":"2016-04-12T05:26:38","date_gmt":"2016-04-12T05:26:38","guid":{"rendered":"http:\/\/webnus.biz\/themes\/easyweb\/design\/?page_id=9464"},"modified":"2017-10-19T16:07:31","modified_gmt":"2017-10-19T21:07:31","slug":"diseno-web","status":"publish","type":"page","link":"https:\/\/balsamedia.com\/en\/diseno-web\/","title":{"rendered":"Web design"},"content":{"rendered":"<p><\/div><\/section><section  class=\"parallax-sec  dark  blox aligncenter page-title-x    w-animate\" style=\" padding-top:px; padding-bottom:px;  background: url('https:\/\/balsamedia.com\/wp-content\/uploads\/2016\/04\/blx-d-n03.jpg') no-repeat center; background-size: cover; min-height:px; \" data-stellar-background-ratio=\"0.7\"><div class=\"max-overlay\" style=\"background-color:\"><\/div><div data-stellar-ratio=\"1\" class=\"wpb_row vc_row-fluid\"><div class=\"container\"><div class=\"wpb_column vc_column_container vc_col-sm-12\"><div class=\"vc_column-inner\"><div class=\"wpb_wrapper\"><hr class=\"vertical-space5\"><hr class=\"vertical-space5\"><hr class=\"vertical-space3\">\n\t<div class=\"wpb_text_column wpb_content_element\" >\n\t\t<div class=\"wpb_wrapper\">\n\t\t\t<h2 class=\"respo-tagline\" style=\"text-align: center; letter-spacing: 1px;\"><strong>WEB DEVELOPMENT<\/strong><\/h2>\n\n\t\t<\/div>\n\t<\/div>\n<hr class=\"vertical-space5\"><hr class=\"vertical-space5\"><\/div><\/div><\/div><\/div><\/div><\/section><section class=\"container\"><div class=\"row-wrapper-x\"><section class=\"wpb_row   w-animate\"><div class=\"wpb_column vc_column_container vc_col-sm-2\"><div class=\"vc_column-inner\"><div class=\"wpb_wrapper\"><\/div><\/div><\/div><div class=\"wpb_column vc_column_container vc_col-sm-8\"><div class=\"vc_column-inner\"><div class=\"wpb_wrapper\"><hr class=\"vertical-space5\"><hr class=\"vertical-space2\">\n\t<div class=\"wpb_text_column wpb_content_element\" >\n\t\t<div class=\"wpb_wrapper\">\n\t\t\t<h3 style=\"text-align: center;\"><strong>Tailor-made Web Design and Development<\/strong><\/h3>\n<p style=\"text-align: center;\"><strong>Web design is an art!<\/strong> Your website design displays your business information. A well known saying is <em>&quot;The first impression is lasting&quot;<\/em>. In web technologies, your website is the first entity that a visitor interacts with, so your website should speak for itself.<\/p>\n<p style=\"text-align: center;\">The websites we produce are clean and fresh, <strong>each uniquely designed<\/strong>. In addition, we strive to ensure that all of our sites meet the accessibility standards required by the <a href=\"http:\/\/en.wikipedia.org\/wiki\/W3C\">World Wide Web Consortium<\/a>. Our websites are tested in the most commonly used browsers at different screen resolutions.<\/p>\n\n\t\t<\/div>\n\t<\/div>\n<hr class=\"vertical-space1\"><hr class=\"vertical-space1\"><\/div><\/div><\/div><div class=\"wpb_column vc_column_container vc_col-sm-2\"><div class=\"vc_column-inner\"><div class=\"wpb_wrapper\"><\/div><\/div><\/div><\/section><section class=\"wpb_row   w-animate\"><div class=\"wpb_column vc_column_container vc_col-sm-3\"><div class=\"vc_column-inner\"><div class=\"wpb_wrapper\"><\/div><\/div><\/div><div class=\"aligncenter wpb_column vc_column_container vc_col-sm-6\"><div class=\"vc_column-inner\"><div class=\"wpb_wrapper\"><hr class=\"vertical-space1\"><i class=\"li_bulb\" style=\" font-size:64px; color:#d6d6d6;\"><\/i><hr class=\"vertical-space1\">\n\t<div class=\"wpb_text_column wpb_content_element\" >\n\t\t<div class=\"wpb_wrapper\">\n\t\t\t<h3 style=\"text-align: center;\"><strong>Our focus<\/strong><\/h3>\n<p style=\"text-align: center;\">Our approach is to go back to basics and figure out what our clients, and their users, really need to do. We build these from the ground up, using industry standard development frameworks so it&#039;s perfectly tailored to your needs and sustainable in the long run.<\/p>\n\n\t\t<\/div>\n\t<\/div>\n<hr class=\"vertical-space4\"><\/div><\/div><\/div><div class=\"wpb_column vc_column_container vc_col-sm-3\"><div class=\"vc_column-inner\"><div class=\"wpb_wrapper\"><\/div><\/div><\/div><\/section><section class=\"wpb_row   w-animate\"><div class=\"wpb_column vc_column_container vc_col-sm-3\"><div class=\"vc_column-inner\"><div class=\"wpb_wrapper\"><\/div><\/div><\/div><div class=\"aligncenter wpb_column vc_column_container vc_col-sm-6\"><div class=\"vc_column-inner\"><div class=\"wpb_wrapper\"><hr class=\"vertical-space5\"><i class=\"fa-wordpress\" style=\" font-size:64px; color:#d6d6d6;\"><\/i><hr class=\"vertical-space1\">\n\t<div class=\"wpb_text_column wpb_content_element\" >\n\t\t<div class=\"wpb_wrapper\">\n\t\t\t<h3 style=\"text-align: center;\"><strong>Why WordPress?<\/strong><\/h3>\n<p style=\"text-align: center;\">A CMS, or content management system, is a tool that allows you to manage the content of your website independently. WordPress is flexible, highly customizable, very easy to use, and is an excellent content management system (CMS). You can use it for blogs, small business websites, and even e-commerce.<br \/>\nWe have highly trained developers who can update your site and add that custom touch you&#039;ve always wanted.<\/p>\n\n\t\t<\/div>\n\t<\/div>\n<hr class=\"vertical-space4\"><\/div><\/div><\/div><div class=\"wpb_column vc_column_container vc_col-sm-3\"><div class=\"vc_column-inner\"><div class=\"wpb_wrapper\"><\/div><\/div><\/div><\/section><\/div><\/section><section class=\"blox      w-animate\" style=\" padding-top:70px; padding-bottom:px; background-size: cover; min-height:px;  background-color:#f6f8f9;\"><div class=\"max-overlay\" style=\"background-color:\"><\/div><div class=\"wpb_row vc_row-fluid full-row\"><div class=\"container\"><div class=\"wpb_column vc_column_container vc_col-sm-12\"><div class=\"vc_column-inner\"><div class=\"wpb_wrapper\">\n\t<div class=\"max-title max-title3\">\n\t\t<h2>OUR <strong>PROCESS<\/strong><\/h2>\n\t<\/div><hr class=\"vertical-space2\"><\/div><\/div><\/div><\/div><\/div><\/section><section class=\"container\"><div class=\"row-wrapper-x\"><\/div><\/section><section  class=\"wpb_row   w-animate full-row\"><div class=\"wpb_column vc_column_container vc_col-sm-12\"><div class=\"vc_column-inner\"><div class=\"wpb_wrapper\">\n\t<div class=\"buy-process-wrap\">\n\t\t<div class=\"buy-process-items\">\n\t\t\t\t<div class=\"buy-process-item\">\n\t\t\t\t\t<div class=\"text-wrap\">\n\t\t\t\t\t\t<h4><strong>planning<\/strong><\/h4>\n\t\t\t\t\t\t<p>Understand what your site needs and how to go about implementing it.<\/p>\n\t\t\t\t\t<\/div>\n\t\t\t\t\t<span>1<\/span>\n\t\t\t\t\t<div class=\"icon-wrapper\">\n\t\t\t\t\t\t<i class=\"fa fa-calendar\"><\/i>\n\t\t\t\t\t<\/div>\n\t\t\t\t<\/div>\n\t\t\t\t<div class=\"buy-process-item\">\n\t\t\t\t\t<div class=\"text-wrap\">\n\t\t\t\t\t\t<h4><strong>Development<\/strong><\/h4>\n\t\t\t\t\t\t<p>We develop the content management system for clients who need more than the basics.<\/p>\n\t\t\t\t\t<\/div>\n\t\t\t\t\t<span>2<\/span>\n\t\t\t\t\t<div class=\"icon-wrapper\">\n\t\t\t\t\t\t<i class=\"fa fa-keyboard-o\"><\/i>\n\t\t\t\t\t<\/div>\n\t\t\t\t<\/div>\n\t\t\t\t<div class=\"buy-process-item featured\">\n\t\t\t\t\t<div class=\"text-wrap\">\n\t\t\t\t\t\t<h4><strong>Review and Test<\/strong><\/h4>\n\t\t\t\t\t\t<p>Once the site is ready, it must be verified and tested to ensure error-free work.<\/p>\n\t\t\t\t\t<\/div>\n\t\t\t\t\t<span>3<\/span>\n\t\t\t\t\t<div class=\"icon-wrapper\">\n\t\t\t\t\t\t<i class=\"fa fa-flask\"><\/i>\n\t\t\t\t\t<\/div>\n\t\t\t\t<\/div>\n\t\t\t\t<div class=\"buy-process-item\">\n\t\t\t\t\t<div class=\"text-wrap\">\n\t\t\t\t\t\t<h4><strong>Launch<\/strong><\/h4>\n\t\t\t\t\t\t<p>After successful testing, the product is delivered\/deployed to the customer for use<\/p>\n\t\t\t\t\t<\/div>\n\t\t\t\t\t<span>4<\/span>\n\t\t\t\t\t<div class=\"icon-wrapper\">\n\t\t\t\t\t\t<i class=\"fa fa-paper-plane\"><\/i>\n\t\t\t\t\t<\/div>\n\t\t\t\t<\/div>\n\t\t\t\t<div class=\"buy-process-item\">\n\t\t\t\t\t<div class=\"text-wrap\">\n\t\t\t\t\t\t<h4><strong>Maintenance<\/strong><\/h4>\n\t\t\t\t\t\t<p>It&#039;s an important step that ensures your site runs efficiently all the time.<\/p>\n\t\t\t\t\t<\/div>\n\t\t\t\t\t<span>5<\/span>\n\t\t\t\t\t<div class=\"icon-wrapper\">\n\t\t\t\t\t\t<i class=\"fa fa-shield\"><\/i>\n\t\t\t\t\t<\/div>\n\t\t\t\t<\/div>\n\t\t<\/div>\n\t<\/div><\/div><\/div><\/div><\/section><section class=\"container\"><div class=\"row-wrapper-x\"><section class=\"wpb_row   w-animate\"><div class=\"wpb_column vc_column_container vc_col-sm-12\"><div class=\"vc_column-inner\"><div class=\"wpb_wrapper\"><hr class=\"vertical-space5\">\n\t<div class=\"max-title max-title3\">\n\t\t<h2>THAT <strong>WE OFFER<\/strong><\/h2>\n\t<\/div><\/div><\/div><\/div><\/section><section class=\"wpb_row   w-animate\"><div class=\"wpb_column vc_column_container vc_col-sm-6\"><div class=\"vc_column-inner\"><div class=\"wpb_wrapper\"><article class=\"icon-box7\" ><i class=\"sl-check\" style=\" color:#00c2e5;\"><\/i><h4>CUSTOMIZED WEB PORTAL SOLUTIONS<\/h4><\/article><article class=\"icon-box7\" ><i class=\"sl-check\" style=\" color:#00c2e5;\"><\/i><h4>WEB APPLICATIONS OF ANY KIND<\/h4><\/article><article class=\"icon-box7\" ><i class=\"sl-check\" style=\" color:#00c2e5;\"><\/i><h4>BLOG DEVELOPMENT<\/h4><\/article><article class=\"icon-box7\" ><i class=\"sl-check\" style=\" color:#00c2e5;\"><\/i><h4>SOCIAL NETWORKING SYSTEM<\/h4><\/article><article class=\"icon-box7\" ><i class=\"sl-check\" style=\" color:#00c2e5;\"><\/i><h4>E-COMMERCE ONLINE STORE SOLUTIONS<\/h4><\/article><\/div><\/div><\/div><div class=\"wpb_column vc_column_container vc_col-sm-6\"><div class=\"vc_column-inner\"><div class=\"wpb_wrapper\"><article class=\"icon-box7\" ><i class=\"sl-check\" style=\" color:#00c2e5;\"><\/i><h4>SOLUTIONS FOR CORPORATE WEBSITE<\/h4><\/article><article class=\"icon-box7\" ><i class=\"sl-check\" style=\" color:#00c2e5;\"><\/i><h4>BUSINESS APPLICATIONS<\/h4><\/article><article class=\"icon-box7\" ><i class=\"sl-check\" style=\" color:#00c2e5;\"><\/i><h4>PAYMENT GATEWAYS INTEGRATIONS<\/h4><\/article><article class=\"icon-box7\" ><i class=\"sl-check\" style=\" color:#00c2e5;\"><\/i><h4>CUSTOM APPS<\/h4><\/article><article class=\"icon-box7\" ><i class=\"sl-check\" style=\" color:#00c2e5;\"><\/i><h4>INTERNET AND INTRANET SOLUTIONS<\/h4><\/article><\/div><\/div><\/div><\/section><\/div><\/section><section class=\"blox      w-animate\" style=\" padding-top:px; padding-bottom:px; background-size: cover; min-height:px;  background-color:#f7f7f7;\"><div class=\"max-overlay\" style=\"background-color:\"><\/div><div class=\"wpb_row vc_row-fluid full-row\"><div class=\"container\"><div class=\"wpb_column vc_column_container vc_col-sm-12\"><div class=\"vc_column-inner\"><div class=\"wpb_wrapper\"><hr class=\"vertical-space5\">\n\t<div class=\"wpb_text_column wpb_content_element\" >\n\t\t<div class=\"wpb_wrapper\">\n\t\t\t<h1 style=\"text-align: center;\">SERVICE <strong>INCLUDES<\/strong><\/h1>\n\n\t\t<\/div>\n\t<\/div>\n<hr class=\"vertical-space2\"><div class=\"vc_row wpb_row vc_inner vc_row-fluid\"><div class=\"wpb_column vc_column_container vc_col-sm-4\"><div class=\"vc_column-inner\"><div class=\"wpb_wrapper\"><article class=\"icon-box5\" ><i class=\"sl-check\" style=\"\"><\/i><h4>Responsive Web Design<\/h4><\/article><hr class=\"vertical-space1\"><article class=\"icon-box5\" ><i class=\"sl-check\" style=\"\"><\/i><h4>Usability and Competition Analysis<\/h4><\/article><hr class=\"vertical-space1\"><article class=\"icon-box5\" ><i class=\"sl-check\" style=\"\"><\/i><h4>design information<\/h4><\/article><hr class=\"vertical-space1\"><\/div><\/div><\/div><div class=\"wpb_column vc_column_container vc_col-sm-4\"><div class=\"vc_column-inner\"><div class=\"wpb_wrapper\"><article class=\"icon-box5\" ><i class=\"sl-check\" style=\"\"><\/i><h4>Design focused on the user experience<\/h4><\/article><hr class=\"vertical-space1\"><article class=\"icon-box5\" ><i class=\"sl-check\" style=\"\"><\/i><h4>Website Content Strategy<\/h4><\/article><hr class=\"vertical-space1\"><article class=\"icon-box5\" ><i class=\"sl-check\" style=\"\"><\/i><h4>Installation and configuration<\/h4><\/article><hr class=\"vertical-space1\"><\/div><\/div><\/div><div class=\"wpb_column vc_column_container vc_col-sm-4\"><div class=\"vc_column-inner\"><div class=\"wpb_wrapper\"><article class=\"icon-box5\" ><i class=\"sl-check\" style=\"\"><\/i><h4>CMS and E-Commerce capacity<\/h4><\/article><hr class=\"vertical-space1\"><article class=\"icon-box5\" ><i class=\"sl-check\" style=\"\"><\/i><h4>Platform and Browser Testing<\/h4><\/article><hr class=\"vertical-space1\"><article class=\"icon-box5\" ><i class=\"sl-check\" style=\"\"><\/i><h4>Maintenance Proposal<\/h4><\/article><hr class=\"vertical-space1\"><\/div><\/div><\/div><\/div><hr class=\"vertical-space4\"><\/div><\/div><\/div><\/div><\/div><\/section><section class=\"container\"><div class=\"row-wrapper-x\"><section class=\"wpb_row   w-animate\"><div class=\"wpb_column vc_column_container vc_col-sm-12\"><div class=\"vc_column-inner\"><div class=\"wpb_wrapper\"><hr class=\"vertical-space5\">\n\t<div class=\"max-title max-title3\">\n\t\t<h2>Because <strong>US<\/strong><\/h2>\n\t<\/div><\/div><\/div><\/div><\/section><section class=\"wpb_row   w-animate\"><div class=\"wpb_column vc_column_container vc_col-sm-6\"><div class=\"vc_column-inner\"><div class=\"wpb_wrapper\"><article class=\"icon-box5\" ><i class=\"sl-check\" style=\" color:#00c2e5;\"><\/i><h4>The websites we make are optimized.<\/h4><\/article><article class=\"icon-box5\" ><i class=\"sl-check\" style=\" color:#00c2e5;\"><\/i><h4>Our agile development methodology is proven and effective.<\/h4><\/article><article class=\"icon-box5\" ><i class=\"sl-check\" style=\" color:#00c2e5;\"><\/i><h4>Strong focus on business requirements and return on investment<\/h4><\/article><article class=\"icon-box5\" ><i class=\"sl-check\" style=\" color:#00c2e5;\"><\/i><h4>No compromise on the quality of the website.<\/h4><\/article><article class=\"icon-box5\" ><i class=\"sl-check\" style=\" color:#00c2e5;\"><\/i><h4>We are quick to respond to customer needs.<\/h4><\/article><\/div><\/div><\/div><div class=\"wpb_column vc_column_container vc_col-sm-6\"><div class=\"vc_column-inner\"><div class=\"wpb_wrapper\"><article class=\"icon-box5\" ><i class=\"sl-check\" style=\" color:#00c2e5;\"><\/i><h4>We provide services and solutions suitable for your business.<\/h4><\/article><article class=\"icon-box5\" ><i class=\"sl-check\" style=\" color:#00c2e5;\"><\/i><h4>No worries, as we have an expert web development team.<\/h4><\/article><article class=\"icon-box5\" ><i class=\"sl-check\" style=\" color:#00c2e5;\"><\/i><h4>Our web developers are experienced and certified.<\/h4><\/article><article class=\"icon-box5\" ><i class=\"sl-check\" style=\" color:#00c2e5;\"><\/i><h4>We build responsive websites that automatically adapt to device screens.<\/h4><\/article><article class=\"icon-box5\" ><i class=\"sl-check\" style=\" color:#00c2e5;\"><\/i><h4>Extensive experience in project management.<\/h4><\/article><\/div><\/div><\/div><\/section><section class=\"wpb_row   w-animate\"><div class=\"wpb_column vc_column_container vc_col-sm-12\"><div class=\"vc_column-inner\"><div class=\"wpb_wrapper\"><hr class=\"vertical-space2\"><\/div><\/div><\/div><\/section><\/div><\/section><section class=\"blox  dark      w-animate\" style=\" padding-top:px; padding-bottom:px;  background: url('https:\/\/balsamedia.com\/wp-content\/uploads\/2015\/12\/b.jpg') no-repeat ; background-position: center center;background-size: cover; min-height:452px; \"><div class=\"max-overlay\" style=\"background-color:\"><\/div><div class=\"wpb_row vc_row-fluid full-row\"><div class=\"container\"><div class=\"aligncenter wpb_column vc_column_container vc_col-sm-12\"><div class=\"vc_column-inner\"><div class=\"wpb_wrapper\"><hr class=\"vertical-space5\"><hr class=\"vertical-space1\">\n\t<div class=\"wpb_text_column wpb_content_element\" >\n\t\t<div class=\"wpb_wrapper\">\n\t\t\t<h1 style=\"text-align: center;\"><strong>Let's start with<br \/>\nyour project<br \/>\n<\/strong><\/h1>\n<p style=\"text-align: center;\">We will help you achieve your goals and grow your business.<\/p>\n\n\t\t<\/div>\n\t<\/div>\n<hr class=\"vertical-space1\"><a href=\"https:\/\/balsamedia.com\/en\/cotizar\/\" class=\"button white  medium bordered-bot\" target=\"_self\">START NOW<\/a><hr class=\"vertical-space3\"><\/div><\/div><\/div><\/div><\/div><\/section><section class=\"container\"><div class=\"row-wrapper-x\"><\/div><\/section><section class=\"blox  dark\" style=\" padding-top:px; padding-bottom:px;  background: url('https:\/\/balsamedia.com\/wp-content\/uploads\/2015\/12\/pt-bg02.jpg') repeat ; background-position: center center; min-height:px;  background-color:#00c2e5;\"><div class=\"max-overlay\" style=\"background-color:\"><\/div><div class=\"wpb_row vc_row-fluid full-row\"><div class=\"container\"><div class=\"wpb_column vc_column_container vc_col-sm-12\"><div class=\"vc_column-inner\"><div class=\"wpb_wrapper\"><hr class=\"vertical-space3\"><div class=\"vc_row wpb_row vc_inner vc_row-fluid\"><div class=\"aligncenter wpb_column vc_column_container vc_col-sm-12\"><div class=\"vc_column-inner\"><div class=\"wpb_wrapper\">\n\t<div class=\"wpb_text_column wpb_content_element  wpb_animate_when_almost_visible wpb_bottom-to-top bottom-to-top\" >\n\t\t<div class=\"wpb_wrapper\">\n\t\t\t<h3 style=\"font-size: 25px; font-weight: bold; text-transform: uppercase;\">WE CREATE FROM ZERO<\/h3>\n<p>We connect bridges in web technology in order to make the client&#039;s goal come true<\/p>\n\n\t\t<\/div>\n\t<\/div>\n<hr class=\"vertical-space1\"><a href=\"https:\/\/balsamedia.com\/en\/cotizar\/\" class=\"button white  medium bordered-bot\" target=\"_self\">SEE PORTFOLIO<\/a><\/div><\/div><\/div><\/div><hr class=\"vertical-space2\"><\/div><\/div><\/div><\/div><\/div><\/section><section class=\"container\"><div class=\"row-wrapper-x\"><\/p>","protected":false},"excerpt":{"rendered":"DESARROLLO WEB Dise\u00f1o y Desarrollo Web a tu medida \u00a1El dise\u00f1o web es un arte! El dise\u00f1o de su sitio web muestra la informaci\u00f3n de su empresa. Un dicho muy conocido es \"La primera impresi\u00f3n es duradera\". En las tecnolog\u00edas web, su sitio web es la primera entidad que interact\u00faa con el visitante, por lo que su sitio web debe hablar por s\u00ed mismo. Los sitios web que producimos son limpios y frescos, cada uno dise\u00f1ado de manera \u00fanica. Adem\u00e1s, nos esforzamos por garantizar que todos nuestros sitios cumplan con los est\u00e1ndares de accesibilidad exigidos por el World Wide Web Consortium. Nuestros sitios web se prueban en los navegadores m\u00e1s utilizados en diferentes resoluciones de pantalla. Nuestro Enfoque Nuestro enfoque es volver a lo b\u00e1sico y resolver lo que nuestros clientes, y sus usuarios, realmente necesitan hacer. Construimos estos desde cero, utilizando marcos de desarrollo est\u00e1ndar de la industria para que est\u00e9 perfectamente adaptado a sus necesidades y sostenibles a largo plazo. \u00bfPor qu\u00e9 WordPress? Un CMS, o sistema de gesti\u00f3n de contenido, es una herramienta que le permite administrar el contenido de su sitio web de forma independiente. WordPress es flexible, altamente personalizable, muy f\u00e1cil de usar y es un excelente sistema de gesti\u00f3n de contenido (CMS). Puede usarlo para blogs, sitios web de peque\u00f1as empresas e incluso comercio electr\u00f3nico. Tenemos desarrolladores altamente capacitados que pueden actualizar su sitio y agregar ese toque personalizado que siempre quiso. NUESTRO PROCESO Planeamiento Entender lo que necesita su sitio y c\u00f3mo plantear para implementarlo. 1 Desarrollo Desarrollamo el sistema de gesti\u00f3n de contenido para clientes que necesitan algo m\u00e1s que lo b\u00e1sico. 2 Revisi\u00f3n y Prueba Una vez que el sitio est\u00e1 listo, se debe verificar y probar para garantizar un trabajo libre de errores. 3 Lanzamiento Despu\u00e9s de una prueba exitosa,... <br><br><a class=\"readmore\" href=\"https:\/\/balsamedia.com\/en\/diseno-web\/\">Continue Reading<\/a>","protected":false},"author":1,"featured_media":0,"parent":0,"menu_order":0,"comment_status":"closed","ping_status":"closed","template":"","meta":{"inline_featured_image":false,"_monsterinsights_skip_tracking":false,"_monsterinsights_sitenote_active":false,"_monsterinsights_sitenote_note":"","_monsterinsights_sitenote_category":0,"_joinchat":[],"footnotes":""},"_links":{"self":[{"href":"https:\/\/balsamedia.com\/en\/wp-json\/wp\/v2\/pages\/9464"}],"collection":[{"href":"https:\/\/balsamedia.com\/en\/wp-json\/wp\/v2\/pages"}],"about":[{"href":"https:\/\/balsamedia.com\/en\/wp-json\/wp\/v2\/types\/page"}],"author":[{"embeddable":true,"href":"https:\/\/balsamedia.com\/en\/wp-json\/wp\/v2\/users\/1"}],"replies":[{"embeddable":true,"href":"https:\/\/balsamedia.com\/en\/wp-json\/wp\/v2\/comments?post=9464"}],"version-history":[{"count":8,"href":"https:\/\/balsamedia.com\/en\/wp-json\/wp\/v2\/pages\/9464\/revisions"}],"predecessor-version":[{"id":11622,"href":"https:\/\/balsamedia.com\/en\/wp-json\/wp\/v2\/pages\/9464\/revisions\/11622"}],"wp:attachment":[{"href":"https:\/\/balsamedia.com\/en\/wp-json\/wp\/v2\/media?parent=9464"}],"curies":[{"name":"wp","href":"https:\/\/api.w.org\/{rel}","templated":true}]}}