{"id":9407,"date":"2016-04-10T12:14:58","date_gmt":"2016-04-10T12:14:58","guid":{"rendered":"http:\/\/webnus.biz\/themes\/easyweb\/design\/?page_id=9407"},"modified":"2017-10-19T16:48:17","modified_gmt":"2017-10-19T21:48:17","slug":"redes-sociales-marketing","status":"publish","type":"page","link":"https:\/\/balsamedia.com\/en\/redes-sociales-marketing\/","title":{"rendered":"Social Media Marketing"},"content":{"rendered":"<p><\/div><\/section><section  class=\"parallax-sec  dark  blox aligncenter page-title-x    w-animate\" style=\" padding-top:px; padding-bottom:px;  background: url('https:\/\/balsamedia.com\/wp-content\/uploads\/2016\/03\/blx-d-p14.jpg') no-repeat center; background-size: cover; min-height:px; \" data-stellar-background-ratio=\"0.7\"><div class=\"max-overlay\" style=\"background-color:\"><\/div><div data-stellar-ratio=\"1\" class=\"wpb_row vc_row-fluid\"><div class=\"container\"><div class=\"wpb_column vc_column_container vc_col-sm-12\"><div class=\"vc_column-inner\"><div class=\"wpb_wrapper\"><hr class=\"vertical-space5\"><hr class=\"vertical-space5\"><hr class=\"vertical-space3\">\n\t<div class=\"wpb_text_column wpb_content_element\" >\n\t\t<div class=\"wpb_wrapper\">\n\t\t\t<h2 class=\"respo-tagline\" style=\"text-align: center; letter-spacing: 1px;\"><strong>MARKETING IN SOCIAL NETWORKS<\/strong><\/h2>\n\n\t\t<\/div>\n\t<\/div>\n<hr class=\"vertical-space5\"><hr class=\"vertical-space5\"><\/div><\/div><\/div><\/div><\/div><\/section><section class=\"container\"><div class=\"row-wrapper-x\"><\/div><\/section><section class=\"blox  page-title-x    w-animate\" style=\" padding-top:50px; padding-bottom:50px; background-size: cover; min-height:px;  background-color:#f7f7f7;\"><div class=\"max-overlay\" style=\"background-color:\"><\/div><div class=\"wpb_row vc_row-fluid full-row\"><div class=\"container\"><div class=\"wpb_column vc_column_container vc_col-sm-2\"><div class=\"vc_column-inner\"><div class=\"wpb_wrapper\"><\/div><\/div><\/div><div class=\"wpb_column vc_column_container vc_col-sm-8\"><div class=\"vc_column-inner\"><div class=\"wpb_wrapper\"><hr class=\"vertical-space5\">\n\t<div class=\"wpb_text_column wpb_content_element\" >\n\t\t<div class=\"wpb_wrapper\">\n\t\t\t<h1 style=\"text-align: center;\"><strong>Social networks<\/strong><\/h1>\n<p style=\"text-align: center;\">A powerful communication tool, social media allows companies to reach their customers where they are while branding and expanding their customer base. Done correctly, social media marketing can also increase the effectiveness of other marketing techniques, such as SEO and SEM, helping to build natural links and drive traffic, awareness, brand recognition, and goodwill. If you&#039;ve been struggling with social media strategy, management, or advertising, we can help.<\/p>\n\n\t\t<\/div>\n\t<\/div>\n<hr class=\"vertical-space5\"><\/div><\/div><\/div><div class=\"wpb_column vc_column_container vc_col-sm-2\"><div class=\"vc_column-inner\"><div class=\"wpb_wrapper\"><\/div><\/div><\/div><\/div><\/div><\/section><section class=\"container\"><div class=\"row-wrapper-x\"><section class=\"wpb_row   w-animate\"><div class=\"wpb_column vc_column_container vc_col-sm-12\"><div class=\"vc_column-inner\"><div class=\"wpb_wrapper\"><hr class=\"vertical-space1\"><\/div><\/div><\/div><\/section><section class=\"wpb_row   w-animate\"><div class=\"wpb_column vc_column_container vc_col-sm-12\"><div class=\"vc_column-inner\"><div class=\"wpb_wrapper\"><hr class=\"vertical-space2\">\n\t<div class=\"max-title max-title5\">\n\t\t<h1>OUR <strong>SERVICES<\/strong><\/h2>\n\t<\/div><\/div><\/div><\/div><\/section><section class=\"wpb_row   w-animate\"><div class=\"wpb_column vc_column_container vc_col-sm-4\"><div class=\"vc_column-inner\"><div class=\"wpb_wrapper\"><hr class=\"vertical-space2\"><article class=\"icon-box18\" ><i class=\"sl-puzzle\" style=\"\"><\/i><h4>DEVELOPMENT OF STRATEGIES IN SOCIAL NETWORKS<\/h4><p>We provide a range of high-value social media consulting services through which we help you achieve tangible results from your social media activities.<\/p><\/article><hr class=\"vertical-space1\"><\/div><\/div><\/div><div class=\"wpb_column vc_column_container vc_col-sm-4\"><div class=\"vc_column-inner\"><div class=\"wpb_wrapper\"><hr class=\"vertical-space2\"><article class=\"icon-box18\" ><i class=\"sl-layers\" style=\"\"><\/i><h4>ADVERTISING MANAGEMENT IN SOCIAL NETWORKS<\/h4><p>Our social media advertising services have proven to accelerate growth. Through advertising through social networks, the 100% of our clients have seen results.<\/p><\/article><hr class=\"vertical-space1\"><\/div><\/div><\/div><div class=\"wpb_column vc_column_container vc_col-sm-4\"><div class=\"vc_column-inner\"><div class=\"wpb_wrapper\"><hr class=\"vertical-space2\"><article class=\"icon-box18\" ><i class=\"sl-pencil\" style=\"\"><\/i><h4>CONTENT CREATION<\/h4><p>We provide a range of social media writing and publishing services to help you market your offerings directly or indirectly through online social media.<\/p><\/article><hr class=\"vertical-space1\"><\/div><\/div><\/div><\/section><section class=\"wpb_row   w-animate\"><div class=\"wpb_column vc_column_container vc_col-sm-12\"><div class=\"vc_column-inner\"><div class=\"wpb_wrapper\"><hr class=\"vertical-space1\"><\/div><\/div><\/div><\/section><section class=\"wpb_row   w-animate\"><div class=\"wpb_column vc_column_container vc_col-sm-6\"><div class=\"vc_column-inner\"><div class=\"wpb_wrapper\"><hr class=\"vertical-space5\">\n\t<div class=\"wpb_text_column wpb_content_element\" >\n\t\t<div class=\"wpb_wrapper\">\n\t\t\t<h4><strong>What is social media marketing?<\/strong><\/h4>\n<p>Social media marketing, or SMM, is a form of Internet marketing that implements various social networks to achieve marketing and communication goals. Social media marketing mainly covers activities involving the social sharing of content, videos and images for commercial purposes, as well as paid social media advertising.<\/p>\n\n\t\t<\/div>\n\t<\/div>\n<hr class=\"vertical-space2\"><\/div><\/div><\/div><div class=\"wpb_column vc_column_container vc_col-sm-6\"><div class=\"vc_column-inner\"><div class=\"wpb_wrapper\">\n\t<div  class=\"wpb_single_image wpb_content_element vc_align_center\">\n\t\t\n\t\t<figure class=\"wpb_wrapper vc_figure\">\n\t\t\t<div class=\"vc_single_image-wrapper   vc_box_border_grey\"><img loading=\"lazy\" decoding=\"async\" width=\"480\" height=\"304\" src=\"https:\/\/balsamedia.com\/wp-content\/uploads\/2016\/04\/ser-p-s2.png\" class=\"vc_single_image-img attachment-full\" alt=\"\" srcset=\"https:\/\/balsamedia.com\/wp-content\/uploads\/2016\/04\/ser-p-s2.png 480w, https:\/\/balsamedia.com\/wp-content\/uploads\/2016\/04\/ser-p-s2-300x190.png 300w\" sizes=\"(max-width: 480px) 100vw, 480px\" \/><\/div>\n\t\t<\/figure>\n\t<\/div>\n<hr class=\"vertical-space2\"><\/div><\/div><\/div><\/section><section class=\"wpb_row   w-animate\"><div class=\"wpb_column vc_column_container vc_col-sm-6\"><div class=\"vc_column-inner\"><div class=\"wpb_wrapper\">\n\t<div  class=\"wpb_single_image wpb_content_element vc_align_center\">\n\t\t\n\t\t<figure class=\"wpb_wrapper vc_figure\">\n\t\t\t<div class=\"vc_single_image-wrapper   vc_box_border_grey\"><img loading=\"lazy\" decoding=\"async\" width=\"580\" height=\"1021\" src=\"https:\/\/balsamedia.com\/wp-content\/uploads\/2016\/04\/trans-pg-px10.jpg\" class=\"vc_single_image-img attachment-full\" alt=\"\" srcset=\"https:\/\/balsamedia.com\/wp-content\/uploads\/2016\/04\/trans-pg-px10.jpg 580w, https:\/\/balsamedia.com\/wp-content\/uploads\/2016\/04\/trans-pg-px10-170x300.jpg 170w, https:\/\/balsamedia.com\/wp-content\/uploads\/2016\/04\/trans-pg-px10-500x880.jpg 500w\" sizes=\"(max-width: 580px) 100vw, 580px\" \/><\/div>\n\t\t<\/figure>\n\t<\/div>\n<hr class=\"vertical-space2\"><\/div><\/div><\/div><div class=\"wpb_column vc_column_container vc_col-sm-6\"><div class=\"vc_column-inner\"><div class=\"wpb_wrapper\"><hr class=\"vertical-space2\"><hr class=\"vertical-space5\">\n\t<div class=\"wpb_text_column wpb_content_element\" >\n\t\t<div class=\"wpb_wrapper\">\n\t\t\t<h4><strong>Why do you need social media management?<\/strong><\/h4>\n<p>&nbsp;<\/p>\n<h5><strong style=\"font-weght: 600;\">Your customers are on social media.<\/strong><\/h5>\n<p>Your customers are on social media.<br \/>\nRegardless of what industry your business is in, your customers are using social media on a daily basis. It is important that you keep them engaged and connected to your brand so that it is always their first choice.<\/p>\n<p>&nbsp;<\/p>\n<h5><strong style=\"font-weght: 600;\">There are people looking for your company<\/strong><\/h5>\n<p>If your company offers a product or service, you can bet that there are people talking about it and looking for companies that offer it. Our social media management service will help your business join the conversation and generate new leads.<\/p>\n<p>&nbsp;<\/p>\n<h5><strong style=\"font-weght: 600;\">People are talking about your company on social media.<\/strong><\/h5>\n<p>You need to listen to what your customers are saying about your business on social media and respond to their concerns. Our social media management services focus on highlighting the positive aspects of what your business has to offer and responding honestly to negative feedback.<\/p>\n<p>&nbsp;<\/p>\n<h5><strong style=\"font-weght: 600;\">Companies deserve expert management in social networks.<\/strong><\/h5>\n<p>Most business owners and marketing managers don&#039;t have the time to manage all of their social media channels. Each member of our firm received their certification in social media management, and our agency can help you achieve your marketing goals and a new client base.<\/p>\n\n\t\t<\/div>\n\t<\/div>\n<hr class=\"vertical-space2\"><\/div><\/div><\/div><\/section><section class=\"wpb_row   w-animate\"><div class=\"wpb_column vc_column_container vc_col-sm-12\"><div class=\"vc_column-inner\"><div class=\"wpb_wrapper\"><hr class=\"vertical-space3\">\n\t<div class=\"max-title max-title5\">\n\t\t<h1>OUR <strong>PROCESS<\/strong><\/h2>\n\t<\/div><hr class=\"vertical-space1\"><div class=\"our-process-wrap\">\n\t\t\t\t<div class=\"our-process-item\">\n\t\t\t\t\t<i class=\"fa fa-cubes\"><\/i>\n\t\t\t\t\t<h4><strong>DEVELOPMENT<\/strong> OF STRATEGIES<\/h4>\n\t\t\t\t\t<p><\/p>\n\t\t\t\t<\/div>\n\t\t\t\t<div class=\"our-process-item\">\n\t\t\t\t\t<i class=\"fa fa-bullhorn\"><\/i>\n\t\t\t\t\t<h4><strong>MANAGEMENT<\/strong> ADVERTISING<\/h4>\n\t\t\t\t\t<p><\/p>\n\t\t\t\t<\/div>\n\t\t\t\t<div class=\"our-process-item\">\n\t\t\t\t\t<i class=\"fa fa-male\"><\/i>\n\t\t\t\t\t<h4><strong>Community<\/strong> management<\/h4>\n\t\t\t\t\t<p><\/p>\n\t\t\t\t<\/div>\n\t\t\t\t<div class=\"our-process-item\">\n\t\t\t\t\t<i class=\"fa fa-pencil\"><\/i>\n\t\t\t\t\t<h4><strong>CONTENT CREATION<\/strong> CASH<\/h4>\n\t\t\t\t\t<p><\/p>\n\t\t\t\t<\/div>\n\t\t\t\t<div class=\"our-process-item\">\n\t\t\t\t\t<i class=\"fa fa-area-chart\"><\/i>\n\t\t\t\t\t<h4><strong>MEASUREMENT<\/strong> AND REPORT<\/h4>\n\t\t\t\t\t<p><\/p>\n\t\t\t\t<\/div><\/div><hr class=\"vertical-space5\"><\/div><\/div><\/div><\/section><\/div><\/section><section class=\"blox  dark      w-animate\" style=\" padding-top:px; padding-bottom:px;  background: url('https:\/\/balsamedia.com\/wp-content\/uploads\/2015\/12\/b.jpg') no-repeat ; background-position: center center;background-size: cover; min-height:452px; \"><div class=\"max-overlay\" style=\"background-color:\"><\/div><div class=\"wpb_row vc_row-fluid full-row\"><div class=\"container\"><div class=\"aligncenter wpb_column vc_column_container vc_col-sm-12\"><div class=\"vc_column-inner\"><div class=\"wpb_wrapper\"><hr class=\"vertical-space5\"><hr class=\"vertical-space1\">\n\t<div class=\"wpb_text_column wpb_content_element\" >\n\t\t<div class=\"wpb_wrapper\">\n\t\t\t<h1 style=\"text-align: center;\"><strong>Let's start with<br \/>\nyour project<br \/>\n<\/strong><\/h1>\n<p style=\"text-align: center;\">We are a sociable bunch and our new business comes mostly from recommendations &amp;amp; customer references &amp;amp; friends who know how we work We don&#039;t believe salespeople should speak for all of us, so we recommend that you speak directly to our customers so they understand who we are and what we do. Our social media pricing is completely tailor-made and based on your current situation and goals.<\/p>\n\n\t\t<\/div>\n\t<\/div>\n<hr class=\"vertical-space1\"><a href=\"https:\/\/balsamedia.com\/en\/cotizar\/\" class=\"button white  medium bordered-bot\" target=\"_self\">START NOW<\/a><hr class=\"vertical-space3\"><\/div><\/div><\/div><\/div><\/div><\/section><section class=\"container\"><div class=\"row-wrapper-x\"><\/div><\/section><section class=\"blox  dark\" style=\" padding-top:px; padding-bottom:px;  background: url('https:\/\/balsamedia.com\/wp-content\/uploads\/2015\/12\/pt-bg02.jpg') repeat ; background-position: center center; min-height:px;  background-color:#00c2e5;\"><div class=\"max-overlay\" style=\"background-color:\"><\/div><div class=\"wpb_row vc_row-fluid full-row\"><div class=\"container\"><div class=\"wpb_column vc_column_container vc_col-sm-12\"><div class=\"vc_column-inner\"><div class=\"wpb_wrapper\"><hr class=\"vertical-space3\"><div class=\"vc_row wpb_row vc_inner vc_row-fluid\"><div class=\"aligncenter wpb_column vc_column_container vc_col-sm-12\"><div class=\"vc_column-inner\"><div class=\"wpb_wrapper\">\n\t<div class=\"wpb_text_column wpb_content_element  wpb_animate_when_almost_visible wpb_bottom-to-top bottom-to-top\" >\n\t\t<div class=\"wpb_wrapper\">\n\t\t\t<h3 style=\"font-size: 25px; font-weight: bold; text-transform: uppercase;\">WE CREATE FROM ZERO<\/h3>\n<p>We connect bridges in web technology in order to make the client&#039;s goal come true<\/p>\n\n\t\t<\/div>\n\t<\/div>\n<hr class=\"vertical-space1\"><a href=\"https:\/\/balsamedia.com\/en\/cotizar\/\" class=\"button white  medium bordered-bot\" target=\"_self\">SEE PORTFOLIO<\/a><\/div><\/div><\/div><\/div><hr class=\"vertical-space2\"><\/div><\/div><\/div><\/div><\/div><\/section><section class=\"container\"><div class=\"row-wrapper-x\"><\/p>","protected":false},"excerpt":{"rendered":"MARKETING EN REDES SOCIALES Redes Sociales Una poderosa herramienta de comunicaci\u00f3n, las redes sociales les permite a las empresas llegar a sus clientes donde est\u00e1n, a la vez que caracterizan sus marcas y expanden su base de clientes. Si se hace correctamente, el marketing en las redes sociales tambi\u00e9n puede aumentar la eficacia de otras t\u00e9cnicas de marketing, como SEO y SEM, ayudando a crear v\u00ednculos naturales y fomentar el tr\u00e1fico, la concienciaci\u00f3n, el reconocimiento de marca y la buena voluntad. Si ha estado luchando con la estrategia, la administraci\u00f3n o la publicidad en las redes sociales, podemos ayudarlo. NUESTROS SERVICIOS DESARROLLO DE ESTRATEGIAS EN REDES SOCIALESProporcionamos una gama de servicios de consultor\u00eda de redes sociales de alto valor a trav\u00e9s de los cuales le ayudamos a lograr resultados tangibles de sus actividades en las redes sociales.GESTI\u00d3N PUBLICITARIA EN REDES SOCIALESNuestros servicios publicitarios en las redes sociales han demostrado acelerar el crecimiento. Mediante la publicidad a trav\u00e9s de las redes sociales, el 100% de nuestros clientes han visto resultados.CREACI\u00d3N DE CONTENIDOProporcionamos una gama de servicios de escritura y publicaci\u00f3n en redes sociales para ayudarlo a comercializar sus ofertas de forma directa o indirecta a trav\u00e9s de las redes sociales en l\u00ednea. \u00bfQu\u00e9 es el marketing en redes sociales? El marketing en redes sociales, o SMM, es una forma de marketing en Internet que implementa varias redes sociales para alcanzar las metas de marketing y comunicaci\u00f3n. El mercadeo en redes sociales cubre principalmente actividades que involucran el intercambio social de contenido, videos e im\u00e1genes con fines comerciales, as\u00ed como la publicidad de redes sociales pagada. \u00bfPor qu\u00e9 necesita una gesti\u00f3n de redes sociales? &nbsp; Your customers are on social media. Sus clientes est\u00e1n en las redes sociales. Independientemente de en qu\u00e9 industria se encuentre su empresa, sus clientes est\u00e1n utilizando las... <br><br><a class=\"readmore\" href=\"https:\/\/balsamedia.com\/en\/redes-sociales-marketing\/\">Continue Reading<\/a>","protected":false},"author":1,"featured_media":0,"parent":0,"menu_order":0,"comment_status":"closed","ping_status":"closed","template":"","meta":{"inline_featured_image":false,"_monsterinsights_skip_tracking":false,"_monsterinsights_sitenote_active":false,"_monsterinsights_sitenote_note":"","_monsterinsights_sitenote_category":0,"_joinchat":[],"footnotes":""},"_links":{"self":[{"href":"https:\/\/balsamedia.com\/en\/wp-json\/wp\/v2\/pages\/9407"}],"collection":[{"href":"https:\/\/balsamedia.com\/en\/wp-json\/wp\/v2\/pages"}],"about":[{"href":"https:\/\/balsamedia.com\/en\/wp-json\/wp\/v2\/types\/page"}],"author":[{"embeddable":true,"href":"https:\/\/balsamedia.com\/en\/wp-json\/wp\/v2\/users\/1"}],"replies":[{"embeddable":true,"href":"https:\/\/balsamedia.com\/en\/wp-json\/wp\/v2\/comments?post=9407"}],"version-history":[{"count":6,"href":"https:\/\/balsamedia.com\/en\/wp-json\/wp\/v2\/pages\/9407\/revisions"}],"predecessor-version":[{"id":11633,"href":"https:\/\/balsamedia.com\/en\/wp-json\/wp\/v2\/pages\/9407\/revisions\/11633"}],"wp:attachment":[{"href":"https:\/\/balsamedia.com\/en\/wp-json\/wp\/v2\/media?parent=9407"}],"curies":[{"name":"wp","href":"https:\/\/api.w.org\/{rel}","templated":true}]}}