{"id":9297,"date":"2016-03-30T12:50:23","date_gmt":"2016-03-30T12:50:23","guid":{"rendered":"http:\/\/webnus.biz\/themes\/easyweb\/design\/?page_id=9297"},"modified":"2017-10-20T13:19:08","modified_gmt":"2017-10-20T18:19:08","slug":"search-engine-optimization","status":"publish","type":"page","link":"https:\/\/balsamedia.com\/en\/search-engine-optimization\/","title":{"rendered":"Search Engine Optimization"},"content":{"rendered":"<p><\/div><\/section><section  class=\"parallax-sec  dark  blox aligncenter page-title-x full-container   w-animate\" style=\" padding-top:px; padding-bottom:px;  background: url('https:\/\/balsamedia.com\/wp-content\/uploads\/2016\/03\/blx-d-p11.jpg') no-repeat center; background-size: cover; min-height:px; \" data-stellar-background-ratio=\"0.7\"><div class=\"max-overlay\" style=\"background-color:\"><\/div><div data-stellar-ratio=\"1\" class=\"wpb_row vc_row-fluid\"><div class=\"container\"><div class=\"wpb_column vc_column_container vc_col-sm-12\"><div class=\"vc_column-inner\"><div class=\"wpb_wrapper\"><hr class=\"vertical-space5\"><hr class=\"vertical-space5\"><hr class=\"vertical-space3\">\n\t<div class=\"wpb_text_column wpb_content_element\" >\n\t\t<div class=\"wpb_wrapper\">\n\t\t\t<h2 class=\"respo-tagline\" style=\"text-align: center; letter-spacing: 1px;\"><strong>SEO<\/strong><\/h2>\n\n\t\t<\/div>\n\t<\/div>\n<hr class=\"vertical-space5\"><hr class=\"vertical-space5\"><\/div><\/div><\/div><\/div><\/div><\/section><section class=\"container\"><div class=\"row-wrapper-x\"><\/div><\/section><section class=\"blox  page-title-x    w-animate\" style=\" padding-top:50px; padding-bottom:50px; background-size: cover; min-height:px;  background-color:#f7f7f7;\"><div class=\"max-overlay\" style=\"background-color:\"><\/div><div class=\"wpb_row vc_row-fluid full-row\"><div class=\"container\"><div class=\"wpb_column vc_column_container vc_col-sm-7\"><div class=\"vc_column-inner\"><div class=\"wpb_wrapper\"><hr class=\"vertical-space5\">\n\t<div class=\"wpb_text_column wpb_content_element\" >\n\t\t<div class=\"wpb_wrapper\">\n\t\t\t<h2><strong>Search Engine Optimization<\/strong><\/h2>\n<p>It is the process of affecting the visibility of a website or web page in a search engine&#039;s unpaid results, often known as &quot;natural&quot;, &quot;organic&quot; or &quot;earned&quot; results. In general, the earlier (or higher ranked on the search results page), and more frequently a site appears in the search results list, the more visitors it will receive from search engine users. SEO can target different types of search, including image search, local search, video search, academic search, news search, and industry-specific vertical search engines.<\/p>\n\n\t\t<\/div>\n\t<\/div>\n<hr class=\"vertical-space5\"><\/div><\/div><\/div><div class=\"wpb_column vc_column_container vc_col-sm-5\"><div class=\"vc_column-inner\"><div class=\"wpb_wrapper\">\n\t<div  class=\"wpb_single_image wpb_content_element vc_align_right  wpb_animate_when_almost_visible wpb_bottom-to-top bottom-to-top\">\n\t\t\n\t\t<figure class=\"wpb_wrapper vc_figure\">\n\t\t\t<div class=\"vc_single_image-wrapper   vc_box_border_grey\"><img loading=\"lazy\" decoding=\"async\" width=\"360\" height=\"385\" src=\"https:\/\/balsamedia.com\/wp-content\/uploads\/2016\/03\/icp-seo.png\" class=\"vc_single_image-img attachment-full\" alt=\"\" srcset=\"https:\/\/balsamedia.com\/wp-content\/uploads\/2016\/03\/icp-seo.png 360w, https:\/\/balsamedia.com\/wp-content\/uploads\/2016\/03\/icp-seo-281x300.png 281w\" sizes=\"(max-width: 360px) 100vw, 360px\" \/><\/div>\n\t\t<\/figure>\n\t<\/div>\n<\/div><\/div><\/div><\/div><\/div><\/section><section class=\"container\"><div class=\"row-wrapper-x\"><section class=\"wpb_row   w-animate\"><div class=\"wpb_column vc_column_container vc_col-sm-12\"><div class=\"vc_column-inner\"><div class=\"wpb_wrapper\"><hr class=\"vertical-space5\">\n\t<div class=\"max-title max-title3\">\n\t\t<h1>run your business <strong>to the next level<\/strong><\/h2>\n\t<\/div>\n\t<div class=\"wpb_text_column wpb_content_element\" >\n\t\t<div class=\"wpb_wrapper\">\n\t\t\t<p class=\"slog-tx2 aligncenter\">BalsaMedia can increase the search engine rank and traffic of any company&#039;s site. The expertise offered by our writing and technical staff enables BalsaMedia to successfully meet the needs of companies with complex websites in competitive industries.<\/p>\n\n\t\t<\/div>\n\t<\/div>\n<\/div><\/div><\/div><\/section><section class=\"wpb_row   w-animate\"><div class=\"wpb_column vc_column_container vc_col-sm-1\"><div class=\"vc_column-inner\"><div class=\"wpb_wrapper\"><\/div><\/div><\/div><div class=\"wpb_column vc_column_container vc_col-sm-5\"><div class=\"vc_column-inner\"><div class=\"wpb_wrapper\"><hr class=\"vertical-space5\"><hr class=\"vertical-space4\">\n\t<div class=\"wpb_text_column wpb_content_element\" >\n\t\t<div class=\"wpb_wrapper\">\n\t\t\t<h4><strong>analyze the website<\/strong><\/h4>\n<p>We first analyze your website, followed by a step-by-step plan for the website to most effectively communicate keywords to search engines. Our ultimate goal is to get our clients to receive more visits and a higher conversion of sales and leads.<\/p>\n\n\t\t<\/div>\n\t<\/div>\n<hr class=\"vertical-space2\"><\/div><\/div><\/div><div class=\"wpb_column vc_column_container vc_col-sm-6\"><div class=\"vc_column-inner\"><div class=\"wpb_wrapper\">\n\t<div  class=\"wpb_single_image wpb_content_element vc_align_left\">\n\t\t\n\t\t<figure class=\"wpb_wrapper vc_figure\">\n\t\t\t<div class=\"vc_single_image-wrapper   vc_box_border_grey\"><img loading=\"lazy\" decoding=\"async\" width=\"580\" height=\"431\" src=\"https:\/\/balsamedia.com\/wp-content\/uploads\/2016\/03\/trans-pg-px3v3.jpg\" class=\"vc_single_image-img attachment-full\" alt=\"\" srcset=\"https:\/\/balsamedia.com\/wp-content\/uploads\/2016\/03\/trans-pg-px3v3.jpg 580w, https:\/\/balsamedia.com\/wp-content\/uploads\/2016\/03\/trans-pg-px3v3-300x223.jpg 300w, https:\/\/balsamedia.com\/wp-content\/uploads\/2016\/03\/trans-pg-px3v3-500x372.jpg 500w\" sizes=\"(max-width: 580px) 100vw, 580px\" \/><\/div>\n\t\t<\/figure>\n\t<\/div>\n<hr class=\"vertical-space1\"><\/div><\/div><\/div><\/section><section class=\"wpb_row   w-animate\"><div class=\"wpb_column vc_column_container vc_col-sm-6\"><div class=\"vc_column-inner\"><div class=\"wpb_wrapper\"><hr class=\"vertical-space2\">\n\t<div  class=\"wpb_single_image wpb_content_element vc_align_left\">\n\t\t\n\t\t<figure class=\"wpb_wrapper vc_figure\">\n\t\t\t<div class=\"vc_single_image-wrapper   vc_box_border_grey\"><img loading=\"lazy\" decoding=\"async\" width=\"460\" height=\"460\" src=\"https:\/\/balsamedia.com\/wp-content\/uploads\/2016\/03\/seo-px2v2.png\" class=\"vc_single_image-img attachment-full\" alt=\"\" srcset=\"https:\/\/balsamedia.com\/wp-content\/uploads\/2016\/03\/seo-px2v2.png 460w, https:\/\/balsamedia.com\/wp-content\/uploads\/2016\/03\/seo-px2v2-150x150.png 150w, https:\/\/balsamedia.com\/wp-content\/uploads\/2016\/03\/seo-px2v2-300x300.png 300w\" sizes=\"(max-width: 460px) 100vw, 460px\" \/><\/div>\n\t\t<\/figure>\n\t<\/div>\n<hr class=\"vertical-space1\"><\/div><\/div><\/div><div class=\"wpb_column vc_column_container vc_col-sm-6\"><div class=\"vc_column-inner\"><div class=\"wpb_wrapper\"><hr class=\"vertical-space5\">\n\t<div class=\"wpb_text_column wpb_content_element\" >\n\t\t<div class=\"wpb_wrapper\">\n\t\t\t<h4><strong>On-Page &amp; Off-Page Optimization<\/strong><\/h4>\n<p>The goal of On-Page and Off-Page optimization is to generate a theme consistent with your targeted keywords. The search engine is a robot, not a human\u2026and therefore you need to follow our proven process to educate the robot so that it launches your website when your potential customers are searching for specific business-related keywords. .<\/p>\n\n\t\t<\/div>\n\t<\/div>\n<hr class=\"vertical-space5\"><\/div><\/div><\/div><\/section><section class=\"wpb_row   w-animate\"><div class=\"wpb_column vc_column_container vc_col-sm-12\"><div class=\"vc_column-inner\"><div class=\"wpb_wrapper\"><hr><hr class=\"vertical-space3\">\n\t<div class=\"max-title max-title3\">\n\t\t<h1>AS <strong>WE DO<\/strong><\/h2>\n\t<\/div>\n\t<div class=\"wpb_text_column wpb_content_element\" >\n\t\t<div class=\"wpb_wrapper\">\n\t\t\t<p class=\"slog-tx2 aligncenter\">Before beginning a search engine optimization (SEO) project, it is important to understand the process involved in an effective SEO campaign. BalsaMedia serves clients who require a full-service, intensive approach to search engine marketing.<\/p>\n\n\t\t<\/div>\n\t<\/div>\n<hr class=\"vertical-space1\"><div class=\"our-process-wrap\">\n\t\t\t\t<div class=\"our-process-item\">\n\t\t\t\t\t<i class=\"fa fa-key\"><\/i>\n\t\t\t\t\t<h4>INVESTIGATION OF <strong>KEYWORDS<\/strong><\/h4>\n\t\t\t\t\t<p>Keyword density tells us how often a search term appears in a text in relation to the total number of words it contains.<\/p>\n\t\t\t\t<\/div>\n\t\t\t\t<div class=\"our-process-item\">\n\t\t\t\t\t<i class=\"fa fa-flask\"><\/i>\n\t\t\t\t\t<h4>OPTIMIZATION <strong>ONSITE<\/strong><\/h4>\n\t\t\t\t\t<p>On-page optimization refers to all measures that can be taken directly within the website to improve its position<\/p>\n\t\t\t\t<\/div>\n\t\t\t\t<div class=\"our-process-item\">\n\t\t\t\t\t<i class=\"fa fa-anchor\"><\/i>\n\t\t\t\t\t<h4>CONSTRUCTION OF <strong>LINKS<\/strong> <\/h4>\n\t\t\t\t\t<p>In the field of search engine optimization (SEO), link building describes actions aimed at increasing the number and quality of incoming links to a web page.<\/p>\n\t\t\t\t<\/div>\n\t\t\t\t<div class=\"our-process-item\">\n\t\t\t\t\t<i class=\"fa fa-bar-chart\"><\/i>\n\t\t\t\t\t<h4><strong>REPORT<\/strong> AND ANALYSIS<\/h4>\n\t\t\t\t\t<p>Our SEO review consists of several factors, such as content, link structure, social media efforts, and your trust on the Internet.<\/p>\n\t\t\t\t<\/div><\/div><hr class=\"vertical-space4\"><\/div><\/div><\/div><\/section><\/div><\/section><section class=\"blox      w-animate\" style=\" padding-top:px; padding-bottom:px; background-size: cover; min-height:px;  background-color:#f9f9f9;\"><div class=\"max-overlay\" style=\"background-color:\"><\/div><div class=\"wpb_row vc_row-fluid full-row\"><div class=\"container\"><div class=\"wpb_column vc_column_container vc_col-sm-12\"><div class=\"vc_column-inner\"><div class=\"wpb_wrapper\"><hr class=\"vertical-space4\"><div class=\"vc_row wpb_row vc_inner vc_row-fluid\"><div class=\"wpb_column vc_column_container vc_col-sm-3\"><div class=\"vc_column-inner\"><div class=\"wpb_wrapper\"><hr class=\"vertical-space2\"><div class=\"s-counter max-counter\" data-effecttype=\"counter\" data-counter=\"6\"><i class=\"icon-counter sl-key\" style=\"color:#a2d67e\"><\/i><span class=\"max-count\">6<\/span><span class=\"suf-counter\">x<\/span><h5>Growth in keyword ranking<\/h5><\/div><hr class=\"vertical-space1\"><\/div><\/div><\/div><div class=\"wpb_column vc_column_container vc_col-sm-3\"><div class=\"vc_column-inner\"><div class=\"wpb_wrapper\"><hr class=\"vertical-space2\"><div class=\"s-counter max-counter\" data-effecttype=\"counter\" data-counter=\"398\"><i class=\"icon-counter sl-globe-alt\" style=\"color:#fb8b4b\"><\/i><span class=\"max-count\">398<\/span><span class=\"suf-counter\">%<\/span><h5>Increase in organic traffic<\/h5><\/div><hr class=\"vertical-space1\"><\/div><\/div><\/div><div class=\"wpb_column vc_column_container vc_col-sm-3\"><div class=\"vc_column-inner\"><div class=\"wpb_wrapper\"><hr class=\"vertical-space2\"><div class=\"s-counter max-counter\" data-effecttype=\"counter\" data-counter=\"1105\"><i class=\"icon-counter sl-rocket\" style=\"color:#b78ce2\"><\/i><span class=\"max-count\">1105<\/span><span class=\"suf-counter\">%<\/span><h5>Ranking increase in Top 10<\/h5><\/div><hr class=\"vertical-space1\"><\/div><\/div><\/div><div class=\"wpb_column vc_column_container vc_col-sm-3\"><div class=\"vc_column-inner\"><div class=\"wpb_wrapper\"><hr class=\"vertical-space2\"><div class=\"s-counter max-counter\" data-effecttype=\"counter\" data-counter=\"129\"><i class=\"icon-counter sl-hourglass\" style=\"color:#19d1e5\"><\/i><span class=\"max-count\">129<\/span><span class=\"suf-counter\">%<\/span><h5>Increase in Duration of visits<\/h5><\/div><hr class=\"vertical-space1\"><\/div><\/div><\/div><\/div><hr class=\"vertical-space3\"><\/div><\/div><\/div><\/div><\/div><\/section><section class=\"container\"><div class=\"row-wrapper-x\"><\/div><\/section><section class=\"blox  dark      w-animate\" style=\" padding-top:90px; padding-bottom:60px;  background: url('https:\/\/balsamedia.com\/wp-content\/uploads\/2016\/02\/pat-bg4.jpg') no-repeat ; background-position: center center;background-size: cover; min-height:px;  background-color:#00c2e5;\"><div class=\"max-overlay\" style=\"background-color:\"><\/div><div class=\"wpb_row vc_row-fluid full-row\"><div class=\"container\"><div class=\"wpb_column vc_column_container vc_col-sm-12\"><div class=\"vc_column-inner\"><div class=\"wpb_wrapper\">\n\t<div class=\"max-title max-title3\">\n\t\t<h1>\u00bf<strong>Why SEO would benefit<\/strong> to your business?<\/h2>\n\t<\/div><hr class=\"vertical-space2\"><\/div><\/div><\/div><div class=\"wpb_column vc_column_container vc_col-sm-4\"><div class=\"vc_column-inner\"><div class=\"wpb_wrapper\"><article class=\"icon-box20\" ><i class=\"sl-directions\" style=\"\"><\/i><h4><strong>ranking <\/strong><\/h4><p>This year&#039;s research shows that approximately 85% of all websites are found via search engines<\/p><\/article><hr class=\"vertical-space1\"><article class=\"icon-box20\" ><i class=\"sl-flag\" style=\"\"><\/i><h4><strong>main <\/strong>Search engines<\/h4><p>96% of Internet users begin their search on the web through a major search engine (Google, Bing, Yahoo)<\/p><\/article><\/div><\/div><\/div><div class=\"wpb_column vc_column_container vc_col-sm-4\"><div class=\"vc_column-inner\"><div class=\"wpb_wrapper\"><article class=\"icon-box20\" ><i class=\"sl-bulb\" style=\"\"><\/i><h4><strong>Strategy <\/strong>effective<\/h4><p>SEO allows you to choose keyword phrases for searches performed by potential customers<\/p><\/article><hr class=\"vertical-space1\"><article class=\"icon-box20\" ><i class=\"sl-layers\" style=\"\"><\/i><h4><strong>342 billion <\/strong>of Search Results<\/h4><p>In January 2016, there were more than 17.5 billion searches with 342 billion search results.<\/p><\/article><\/div><\/div><\/div><div class=\"wpb_column vc_column_container vc_col-sm-4\"><div class=\"vc_column-inner\"><div class=\"wpb_wrapper\"><article class=\"icon-box20\" ><i class=\"sl-bell\" style=\"\"><\/i><h4><strong>get <\/strong>visits<\/h4><p>Strong SEO and search web design will help attract visitors to your website<\/p><\/article><hr class=\"vertical-space1\"><article class=\"icon-box20\" ><i class=\"sl-eyeglass\" style=\"\"><\/i><h4><strong>Perception <\/strong>of the Consumer<\/h4><p>Consumer perception is that the higher a website ranks in a search engine, the higher the results it will appear.<\/p><\/article><\/div><\/div><\/div><\/div><\/div><\/section><section class=\"container\"><div class=\"row-wrapper-x\"><\/div><\/section><section class=\"blox  dark      w-animate\" style=\" padding-top:px; padding-bottom:px;  background: url('https:\/\/balsamedia.com\/wp-content\/uploads\/2015\/12\/b.jpg') no-repeat ; background-position: center center;background-size: cover; min-height:452px; \"><div class=\"max-overlay\" style=\"background-color:\"><\/div><div class=\"wpb_row vc_row-fluid full-row\"><div class=\"container\"><div class=\"aligncenter wpb_column vc_column_container vc_col-sm-12\"><div class=\"vc_column-inner\"><div class=\"wpb_wrapper\"><hr class=\"vertical-space5\"><hr class=\"vertical-space1\">\n\t<div class=\"wpb_text_column wpb_content_element\" >\n\t\t<div class=\"wpb_wrapper\">\n\t\t\t<h1 style=\"text-align: center;\"><strong>Let's start with<br \/>\nyour project<br \/>\n<\/strong><\/h1>\n<p style=\"text-align: center;\">We will help you achieve your goals and grow your business.<\/p>\n\n\t\t<\/div>\n\t<\/div>\n<hr class=\"vertical-space1\"><a href=\"https:\/\/balsamedia.com\/en\/cotizar\/\" class=\"button white  medium bordered-bot\" target=\"_self\">START NOW<\/a><hr class=\"vertical-space3\"><\/div><\/div><\/div><\/div><\/div><\/section><section class=\"container\"><div class=\"row-wrapper-x\"><\/div><\/section><section class=\"blox  dark\" style=\" padding-top:px; padding-bottom:px;  background: url('https:\/\/balsamedia.com\/wp-content\/uploads\/2015\/12\/pt-bg02.jpg') repeat ; background-position: center center; min-height:px;  background-color:#00c2e5;\"><div class=\"max-overlay\" style=\"background-color:\"><\/div><div class=\"wpb_row vc_row-fluid full-row\"><div class=\"container\"><div class=\"wpb_column vc_column_container vc_col-sm-12\"><div class=\"vc_column-inner\"><div class=\"wpb_wrapper\"><hr class=\"vertical-space3\"><div class=\"vc_row wpb_row vc_inner vc_row-fluid\"><div class=\"aligncenter wpb_column vc_column_container vc_col-sm-12\"><div class=\"vc_column-inner\"><div class=\"wpb_wrapper\">\n\t<div class=\"wpb_text_column wpb_content_element  wpb_animate_when_almost_visible wpb_bottom-to-top bottom-to-top\" >\n\t\t<div class=\"wpb_wrapper\">\n\t\t\t<h3 style=\"font-size: 25px; font-weight: bold; text-transform: uppercase;\">WE CREATE FROM ZERO<\/h3>\n<p>We connect bridges in web technology in order to make the client&#039;s goal come true<\/p>\n\n\t\t<\/div>\n\t<\/div>\n<hr class=\"vertical-space1\"><a href=\"https:\/\/balsamedia.com\/en\/cotizar\/\" class=\"button white  medium bordered-bot\" target=\"_self\">SEE PORTFOLIO<\/a><\/div><\/div><\/div><\/div><hr class=\"vertical-space2\"><\/div><\/div><\/div><\/div><\/div><\/section><section class=\"container\"><div class=\"row-wrapper-x\"><\/p>","protected":false},"excerpt":{"rendered":"SEO Search Engine Optimization Es el proceso de afectar la visibilidad de un sitio web o una p\u00e1gina web en los resultados no remunerados de un motor de b\u00fasqueda, a menudo conocidos como resultados \"naturales\", \"org\u00e1nicos\" u \"obtenidos\". En general, cuanto m\u00e1s temprano (o mejor clasificado en la p\u00e1gina de resultados de b\u00fasqueda), y m\u00e1s frecuentemente aparece un sitio en la lista de resultados de b\u00fasqueda, m\u00e1s visitantes recibir\u00e1 de los usuarios del motor de b\u00fasqueda. El SEO puede orientarse a diferentes tipos de b\u00fasqueda, incluida la b\u00fasqueda de im\u00e1genes, b\u00fasqueda local, b\u00fasqueda de videos, b\u00fasqueda acad\u00e9mica, b\u00fasqueda de noticias y motores de b\u00fasqueda verticales espec\u00edficos de la industria. Lleva tu negocio al siguiente nivel BalsaMedia puede aumentar el rango del motor de b\u00fasqueda y el tr\u00e1fico del sitio de cualquier compa\u00f1\u00eda. La experiencia ofrecida por nuestro personal t\u00e9cnico y redactor permite que BalsaMedia satisfaga con \u00e9xito las necesidades de las empresas con sitios web complejos en industrias competitivas. Analizar la web Primero analizamos tu sitio web, seguido de un plan paso a paso para que el sitio web comunique las palabras clave de manera m\u00e1s efectiva a los motores de b\u00fasqueda. Nuestro objetivo final es lograr que nuestros clientes reciban m\u00e1s visitas y una mayor conversi\u00f3n de ventas y clientes potenciales. Optimizaci\u00f3n On-Page &amp;\u00a0Off-Page El objetivo de la optimizaci\u00f3n On-Page y Off-Page es generar un tema coherente con sus palabras clave espec\u00edficas. El motor de b\u00fasqueda es un robot, no un ser humano ... y por lo tanto, debe seguir nuestro proceso comprobado para educar al robot, de modo que ponga en funcionamiento su sitio web cuando sus clientes potenciales est\u00e9n buscando palabras clave espec\u00edficas relacionadas con el negocio. C\u00d3MO LO HACEMOS Antes de comenzar un proyecto de optimizaci\u00f3n de motor de b\u00fasqueda (SEO), es importante comprender el proceso... <br><br><a class=\"readmore\" href=\"https:\/\/balsamedia.com\/en\/search-engine-optimization\/\">Continue Reading<\/a>","protected":false},"author":1,"featured_media":0,"parent":0,"menu_order":0,"comment_status":"closed","ping_status":"closed","template":"","meta":{"inline_featured_image":false,"_monsterinsights_skip_tracking":false,"_monsterinsights_sitenote_active":false,"_monsterinsights_sitenote_note":"","_monsterinsights_sitenote_category":0,"_joinchat":[],"footnotes":""},"_links":{"self":[{"href":"https:\/\/balsamedia.com\/en\/wp-json\/wp\/v2\/pages\/9297"}],"collection":[{"href":"https:\/\/balsamedia.com\/en\/wp-json\/wp\/v2\/pages"}],"about":[{"href":"https:\/\/balsamedia.com\/en\/wp-json\/wp\/v2\/types\/page"}],"author":[{"embeddable":true,"href":"https:\/\/balsamedia.com\/en\/wp-json\/wp\/v2\/users\/1"}],"replies":[{"embeddable":true,"href":"https:\/\/balsamedia.com\/en\/wp-json\/wp\/v2\/comments?post=9297"}],"version-history":[{"count":4,"href":"https:\/\/balsamedia.com\/en\/wp-json\/wp\/v2\/pages\/9297\/revisions"}],"predecessor-version":[{"id":11641,"href":"https:\/\/balsamedia.com\/en\/wp-json\/wp\/v2\/pages\/9297\/revisions\/11641"}],"wp:attachment":[{"href":"https:\/\/balsamedia.com\/en\/wp-json\/wp\/v2\/media?parent=9297"}],"curies":[{"name":"wp","href":"https:\/\/api.w.org\/{rel}","templated":true}]}}