{"id":9131,"date":"2016-02-23T10:40:20","date_gmt":"2016-02-23T15:40:20","guid":{"rendered":"http:\/\/webnus.biz\/themes\/easyweb\/design\/?page_id=9131"},"modified":"2017-10-19T14:22:26","modified_gmt":"2017-10-19T19:22:26","slug":"nosotros","status":"publish","type":"page","link":"https:\/\/balsamedia.com\/en\/nosotros\/","title":{"rendered":"About Us"},"content":{"rendered":"<p><\/div><\/section><section  class=\"parallax-sec  dark  blox aligncenter page-title-x    w-animate\" style=\" padding-top:px; padding-bottom:px;  background: url('https:\/\/balsamedia.com\/wp-content\/uploads\/2016\/02\/blx-d-p15.jpg') no-repeat center; background-size: cover; min-height:px; \" data-stellar-background-ratio=\"0.7\"><div class=\"max-overlay\" style=\"background-color:\"><\/div><div data-stellar-ratio=\"1\" class=\"wpb_row vc_row-fluid\"><div class=\"container\"><div class=\"wpb_column vc_column_container vc_col-sm-12\"><div class=\"vc_column-inner\"><div class=\"wpb_wrapper\"><hr class=\"vertical-space5\"><hr class=\"vertical-space5\"><hr class=\"vertical-space1\">\n\t<div class=\"wpb_text_column wpb_content_element\" >\n\t\t<div class=\"wpb_wrapper\">\n\t\t\t<h2 class=\"respo-tagline\" style=\"text-align: center; letter-spacing: 1px;\"><strong>WE ARE CREATIVE<\/strong><\/h2>\n\n\t\t<\/div>\n\t<\/div>\n<hr class=\"vertical-space4\"><hr class=\"vertical-space5\"><\/div><\/div><\/div><\/div><\/div><\/section><section class=\"container\"><div class=\"row-wrapper-x\"><section class=\"wpb_row   w-animate\"><div class=\"wpb_column vc_column_container vc_col-sm-12\"><div class=\"vc_column-inner\"><div class=\"wpb_wrapper\"><hr class=\"vertical-space5\"><\/div><\/div><\/div><div class=\"wpb_column vc_column_container vc_col-sm-6\"><div class=\"vc_column-inner\"><div class=\"wpb_wrapper\"><hr class=\"vertical-space2\">\n\t<div class=\"subtitle-element subtitle-element2\">\n\t\t<h3>WE ARE <strong>BALSA MEDIA<\/strong><\/h3>\n\t<\/div>\n\t<div class=\"wpb_text_column wpb_content_element\" >\n\t\t<div class=\"wpb_wrapper\">\n\t\t\t<p>BalsaMedia is a premium design agency that focuses on quality, innovation, and speed. We use technology to obtain results that grow our clients&#039; businesses. We pride ourselves on great ethics, integrity, and bottom line results. BalsaMedia has been able to create cutting-edge designs in multiple niches, while allowing our clients to gain a better global web presence.<\/p>\n<p>&nbsp;<\/p>\n<h5><strong>Philosophy<\/strong><\/h5>\n<p>Our company philosophy is to create the type of website that most businesses want: easy to find, elegant and attractive, fast loading, mobile responsive and easy to shop.<\/p>\n<p>&nbsp;<\/p>\n<h5><strong>Mission<\/strong><\/h5>\n<p>We&#039;ve designed our entire process and products to offer everything small businesses need when starting out, making sure that working with us is always a fast, easy, and seamless experience. We give our clients full control of their website without a ridiculous price tag, and our friendly team offers their expertise even after your website is live.<\/p>\n\n\t\t<\/div>\n\t<\/div>\n<hr class=\"vertical-space1\"><\/div><\/div><\/div><div class=\"wpb_column vc_column_container vc_col-sm-6\"><div class=\"vc_column-inner\"><div class=\"wpb_wrapper\"><hr class=\"vertical-space5\">\n\t<div  class=\"wpb_single_image wpb_content_element vc_align_center\">\n\t\t\n\t\t<figure class=\"wpb_wrapper vc_figure\">\n\t\t\t<div class=\"vc_single_image-wrapper   vc_box_border_grey\"><img loading=\"lazy\" decoding=\"async\" width=\"680\" height=\"464\" src=\"https:\/\/balsamedia.com\/wp-content\/uploads\/2016\/02\/cntt-px1.jpg\" class=\"vc_single_image-img attachment-full\" alt=\"\" srcset=\"https:\/\/balsamedia.com\/wp-content\/uploads\/2016\/02\/cntt-px1.jpg 680w, https:\/\/balsamedia.com\/wp-content\/uploads\/2016\/02\/cntt-px1-300x205.jpg 300w, https:\/\/balsamedia.com\/wp-content\/uploads\/2016\/02\/cntt-px1-500x341.jpg 500w\" sizes=\"(max-width: 680px) 100vw, 680px\" \/><\/div>\n\t\t<\/figure>\n\t<\/div>\n<\/div><\/div><\/div><\/section><\/div><\/section><section class=\"blox      w-animate\" style=\" padding-top:px; padding-bottom:px; background-size: cover; min-height:px;  background-color:#f6f8f9;\"><div class=\"max-overlay\" style=\"background-color:\"><\/div><div class=\"wpb_row vc_row-fluid full-row\"><div class=\"container\"><div class=\"wpb_column vc_column_container vc_col-sm-1\"><div class=\"vc_column-inner\"><div class=\"wpb_wrapper\"><\/div><\/div><\/div><div class=\"wpb_column vc_column_container vc_col-sm-4\"><div class=\"vc_column-inner\"><div class=\"wpb_wrapper\"><hr class=\"vertical-space5\">\n\t<div class=\"wpb_text_column wpb_content_element\" >\n\t\t<div class=\"wpb_wrapper\">\n\t\t\t<h3 style=\"text-align: center;\">GROUP OF <strong>DESIGN<\/strong><\/h3>\n<p style=\"text-align: center;\">With our in-house designers, we recognize the fact that usability, functionality and visualization are three of the most important factors when designing interfaces or websites. Using this strategy, we work with you to ensure that your messaging and marketing goals are realized with the designs we create. We will work with you and bring your idea to life.<\/p>\n\n\t\t<\/div>\n\t<\/div>\n<hr class=\"vertical-space3\"><\/div><\/div><\/div><div class=\"wpb_column vc_column_container vc_col-sm-2\"><div class=\"vc_column-inner\"><div class=\"wpb_wrapper\"><\/div><\/div><\/div><div class=\"wpb_column vc_column_container vc_col-sm-4\"><div class=\"vc_column-inner\"><div class=\"wpb_wrapper\"><hr class=\"vertical-space5\">\n\t<div class=\"wpb_text_column wpb_content_element\" >\n\t\t<div class=\"wpb_wrapper\">\n\t\t\t<h3 style=\"text-align: center;\">GROUP OF <strong>DEVELOPERS<\/strong><\/h3>\n<p style=\"text-align: center;\">As a dedicated mobile app development company, BalsaMedia has extensive experience creating high-performance, feature-rich native mobile apps for all major mobile platforms, including iOS and Android. BalsaMedia&#039;s mobile app developers can create the right app that meets your business, industrial, and\/or enterprise needs.<\/p>\n\n\t\t<\/div>\n\t<\/div>\n<hr class=\"vertical-space5\"><\/div><\/div><\/div><div class=\"wpb_column vc_column_container vc_col-sm-1\"><div class=\"vc_column-inner\"><div class=\"wpb_wrapper\"><\/div><\/div><\/div><\/div><\/div><\/section><section class=\"container\"><div class=\"row-wrapper-x\"><\/div><\/section><section class=\"blox      w-animate\" style=\" padding-top:px; padding-bottom:px;  background: url('https:\/\/balsamedia.com\/wp-content\/uploads\/2015\/12\/poly-bg03.jpg') no-repeat ; background-position: center center;background-size: cover; min-height:452px; \"><div class=\"max-overlay\" style=\"background-color:\"><\/div><div class=\"wpb_row vc_row-fluid full-row\"><div class=\"container\"><div class=\"aligncenter wpb_column vc_column_container vc_col-sm-12\"><div class=\"vc_column-inner\"><div class=\"wpb_wrapper\"><hr class=\"vertical-space5\"><hr class=\"vertical-space1\">\n\t<div class=\"wpb_text_column wpb_content_element\" >\n\t\t<div class=\"wpb_wrapper\">\n\t\t\t<h1 style=\"text-align: center;\"><strong>Let's start with<br \/>\nyour project<\/strong><\/h1>\n<p style=\"text-align: center;\">We will help you achieve your goals and grow your business.<\/p>\n\n\t\t<\/div>\n\t<\/div>\n<hr class=\"vertical-space1\"><a href=\"https:\/\/balsamedia.com\/en\/cotizar\/\" class=\"button theme-skin  medium\" target=\"_self\">REQUEST A QUOTE<\/a><hr class=\"vertical-space3\"><\/div><\/div><\/div><\/div><\/div><\/section><section class=\"container\"><div class=\"row-wrapper-x\"><\/p>","protected":false},"excerpt":{"rendered":"SOMOS CREATIVOS NOSOTROS SOMOS BALSA MEDIA BalsaMedia es una agencia de dise\u00f1o premium que se centra en la calidad, la innovaci\u00f3n y la velocidad. Utilizamos la tecnolog\u00eda para obtener resultados que hagan crecer los negocios de nuestros clientes. Nos enorgullecemos de una gran \u00e9tica, integridad y resultados finales. BalsaMedia ha podido crear dise\u00f1os de vanguardia en m\u00faltiples nichos, al tiempo que ha permitido a nuestros clientes obtener una mejor presencia global en la web. &nbsp; Filosof\u00eda La filosof\u00eda de nuestra empresa es crear el tipo de sitio web que la mayor\u00eda de las empresas desea: f\u00e1cil de encontrar, elegante y atractivo, de carga r\u00e1pida, m\u00f3vil sensible y f\u00e1cil de comprar. &nbsp; Misi\u00f3n Hemos dise\u00f1ado todo nuestro proceso y productos para ofrecer todo lo que las peque\u00f1as empresas necesitan cuando comienzan, asegur\u00e1ndose de que trabajar con nosotros sea siempre una experiencia r\u00e1pida, f\u00e1cil y sin problemas. Damos a nuestros clientes el control total de su sitio web sin un precio rid\u00edculo, y nuestro equipo amigable ofrece su experiencia incluso despu\u00e9s de que su sitio web est\u00e9 al aire. GRUPO DE DISE\u00d1O Con nuestros dise\u00f1adores internos, reconocemos el hecho de que la usabilidad, la funcionalidad y la visualizaci\u00f3n son tres de los factores m\u00e1s importantes a la hora de dise\u00f1ar interfaces o sitios web. Usando esta estrategia, trabajamos con usted para garantizar que sus objetivos de mensajer\u00eda y marketing se realicen con los dise\u00f1os que creamos. Trabajaremos contigo y daremos vida a tu idea. GRUPO DE DESARROLLADORES Como empresa dedicada en desarrollo de aplicaciones m\u00f3viles, BalsaMedia tiene una amplia experiencia en la creaci\u00f3n de aplicaciones m\u00f3viles nativas de alto rendimiento y caracter\u00edsticas para todas las principales plataformas m\u00f3viles, incluyendo iOS y Android. Los desarrolladores de aplicaciones m\u00f3viles de BalsaMedia pueden crear la aplicaci\u00f3n adecuada que satisfaga sus necesidades comerciales, industriales y \/... <br><br><a class=\"readmore\" href=\"https:\/\/balsamedia.com\/en\/nosotros\/\">Continue Reading<\/a>","protected":false},"author":1,"featured_media":0,"parent":0,"menu_order":0,"comment_status":"closed","ping_status":"closed","template":"","meta":{"inline_featured_image":false,"_monsterinsights_skip_tracking":false,"_monsterinsights_sitenote_active":false,"_monsterinsights_sitenote_note":"","_monsterinsights_sitenote_category":0,"_joinchat":[],"footnotes":""},"_links":{"self":[{"href":"https:\/\/balsamedia.com\/en\/wp-json\/wp\/v2\/pages\/9131"}],"collection":[{"href":"https:\/\/balsamedia.com\/en\/wp-json\/wp\/v2\/pages"}],"about":[{"href":"https:\/\/balsamedia.com\/en\/wp-json\/wp\/v2\/types\/page"}],"author":[{"embeddable":true,"href":"https:\/\/balsamedia.com\/en\/wp-json\/wp\/v2\/users\/1"}],"replies":[{"embeddable":true,"href":"https:\/\/balsamedia.com\/en\/wp-json\/wp\/v2\/comments?post=9131"}],"version-history":[{"count":10,"href":"https:\/\/balsamedia.com\/en\/wp-json\/wp\/v2\/pages\/9131\/revisions"}],"predecessor-version":[{"id":11601,"href":"https:\/\/balsamedia.com\/en\/wp-json\/wp\/v2\/pages\/9131\/revisions\/11601"}],"wp:attachment":[{"href":"https:\/\/balsamedia.com\/en\/wp-json\/wp\/v2\/media?parent=9131"}],"curies":[{"name":"wp","href":"https:\/\/api.w.org\/{rel}","templated":true}]}}