{"id":5820,"date":"2015-12-22T11:22:04","date_gmt":"2015-12-22T16:22:04","guid":{"rendered":"http:\/\/webnus.biz\/themes\/easyweb\/seo\/?page_id=5820"},"modified":"2017-10-20T13:20:21","modified_gmt":"2017-10-20T18:20:21","slug":"servicios","status":"publish","type":"page","link":"https:\/\/balsamedia.com\/en\/servicios\/","title":{"rendered":"Services"},"content":{"rendered":"<p><\/div><\/section><section  class=\"parallax-sec  dark  blox aligncenter page-title-x    w-animate\" style=\" padding-top:px; padding-bottom:px;  background: url('https:\/\/balsamedia.com\/wp-content\/uploads\/2015\/12\/topbg.jpg') no-repeat center; background-size: cover; min-height:px; \" data-stellar-background-ratio=\"0.7\"><div class=\"max-overlay\" style=\"background-color:\"><\/div><div data-stellar-ratio=\"1\" class=\"wpb_row vc_row-fluid\"><div class=\"container\"><div class=\"wpb_column vc_column_container vc_col-sm-12\"><div class=\"vc_column-inner\"><div class=\"wpb_wrapper\"><hr class=\"vertical-space5\"><hr class=\"vertical-space5\"><hr class=\"vertical-space2\">\n\t<div class=\"wpb_text_column wpb_content_element\" >\n\t\t<div class=\"wpb_wrapper\">\n\t\t\t<h2 class=\"respo-tagline\" style=\"text-align: center; letter-spacing: 1px;\"><strong>OUR SERVICES<\/strong><\/h2>\n\n\t\t<\/div>\n\t<\/div>\n<hr class=\"vertical-space4\"><hr class=\"vertical-space5\"><\/div><\/div><\/div><\/div><\/div><\/section><section class=\"container\"><div class=\"row-wrapper-x\"><section class=\"wpb_row   w-animate\"><div class=\"wpb_column vc_column_container vc_col-sm-12\"><div class=\"vc_column-inner\"><div class=\"wpb_wrapper\"><hr class=\"vertical-space3\"><\/div><\/div><\/div><\/section><section class=\"wpb_row   w-animate\"><div class=\"wpb_column vc_column_container vc_col-sm-4\"><div class=\"vc_column-inner\"><div class=\"wpb_wrapper\"><article class=\"icon-box18\" ><a href=\"https:\/\/balsamedia.com\/en\/diseno-web\/\"><i class=\"sl-screen-desktop\" style=\"\"><\/i><\/a><h4>WEB DESIGN<\/h4><p>Having a unique web design is important from the branding and marketing process of your company or store<\/p><a class=\"magicmore\" href=\"https:\/\/balsamedia.com\/en\/diseno-web\/\">More information<\/a><\/article><div class=\"vc_empty_space\"   style=\"height: 50px\" ><span class=\"vc_empty_space_inner\"><\/span><\/div>\n<hr class=\"vertical-space3\"><article class=\"icon-box18\" ><a href=\"https:\/\/balsamedia.com\/en\/search-engine-optimization\/\"><i class=\"sl-equalizer\" style=\"\"><\/i><\/a><h4>SEO POSITIONING<\/h4><p>Working hand in hand with you, with the contents and structure of your website, we will be able to reach the top positions in natural results (SERP: Search Engine Result Pages).<\/p><a class=\"magicmore\" href=\"https:\/\/balsamedia.com\/en\/search-engine-optimization\/\">More information<\/a><\/article><\/div><\/div><\/div><div class=\"wpb_column vc_column_container vc_col-sm-4\"><div class=\"vc_column-inner\"><div class=\"wpb_wrapper\"><article class=\"icon-box18\" ><a href=\"https:\/\/balsamedia.com\/en\/redes-sociales-marketing\/\"><i class=\"fa-instagram\" style=\"\"><\/i><\/a><h4>SOCIAL MEDIA MARKETING<\/h4><p>A powerful communication tool, social media allows companies to reach their customers where they are while empowering their brands and expanding their customer base.<\/p><a class=\"magicmore\" href=\"https:\/\/balsamedia.com\/en\/redes-sociales-marketing\/\">More information<\/a><\/article><div class=\"vc_empty_space\"   style=\"height: 50px\" ><span class=\"vc_empty_space_inner\"><\/span><\/div>\n<article class=\"icon-box18\" ><a href=\"https:\/\/balsamedia.com\/en\/cotizar\/\"><i class=\"fa-shopping-bag\" style=\"\"><\/i><\/a><h4>ELECTRONIC COMMERCE<\/h4><p>Everyone knows that retail stores are a good business, no matter what you sell; there will always be people near you willing to buy your products or services. But a retail store is limited to its geographic location. If you want to go to the world, there are no limits to the internet.<\/p><a class=\"magicmore\" href=\"https:\/\/balsamedia.com\/en\/cotizar\/\">More information<\/a><\/article><\/div><\/div><\/div><div class=\"wpb_column vc_column_container vc_col-sm-4\"><div class=\"vc_column-inner\"><div class=\"wpb_wrapper\"><article class=\"icon-box18\" ><a href=\"https:\/\/balsamedia.com\/en\/cotizar\/\"><i class=\"icon-tools\" style=\"\"><\/i><\/a><h4>BUSINESS BRANDING<\/h4><p>From the logo, the color palette to the business stationery, we design the total branding of your company<\/p><a class=\"magicmore\" href=\"https:\/\/balsamedia.com\/en\/cotizar\/\">More information<\/a><\/article><div class=\"vc_empty_space\"   style=\"height: 50px\" ><span class=\"vc_empty_space_inner\"><\/span><\/div>\n<hr class=\"vertical-space3\"><article class=\"icon-box18\" ><a href=\"https:\/\/balsamedia.com\/en\/cotizar\/\"><i class=\"icon-map-pin\" style=\"\"><\/i><\/a><h4>LOCAL BUSINESS MARKETING<\/h4><p>Local marketing is a crucial aspect of a successful and comprehensive Internet marketing strategy. For the business with multiple locations or the corporation looking for more local clients, a traditional SEO approach won&#039;t cut it.<\/p><a class=\"magicmore\" href=\"https:\/\/balsamedia.com\/en\/cotizar\/\">More information<\/a><\/article><\/div><\/div><\/div><\/section><section class=\"wpb_row   w-animate\"><div class=\"wpb_column vc_column_container vc_col-sm-12\"><div class=\"vc_column-inner\"><div class=\"wpb_wrapper\"><hr class=\"vertical-space1\"><\/div><\/div><\/div><\/section><\/div><\/section><section class=\"blox  dark      w-animate\" style=\" padding-top:px; padding-bottom:px;  background: url('https:\/\/balsamedia.com\/wp-content\/uploads\/2015\/12\/b.jpg') no-repeat ; background-position: center center;background-size: cover; min-height:452px; \"><div class=\"max-overlay\" style=\"background-color:\"><\/div><div class=\"wpb_row vc_row-fluid full-row\"><div class=\"container\"><div class=\"aligncenter wpb_column vc_column_container vc_col-sm-12\"><div class=\"vc_column-inner\"><div class=\"wpb_wrapper\"><hr class=\"vertical-space5\"><hr class=\"vertical-space1\">\n\t<div class=\"wpb_text_column wpb_content_element\" >\n\t\t<div class=\"wpb_wrapper\">\n\t\t\t<h1 style=\"text-align: center;\"><strong>Let's start with<br \/>\nyour project<br \/>\n<\/strong><\/h1>\n<p style=\"text-align: center;\">We will help you achieve your goals and grow your business.<\/p>\n\n\t\t<\/div>\n\t<\/div>\n<hr class=\"vertical-space1\"><a href=\"https:\/\/balsamedia.com\/en\/cotizar\/\" class=\"button white  medium bordered-bot\" target=\"_self\">START NOW<\/a><hr class=\"vertical-space3\"><\/div><\/div><\/div><\/div><\/div><\/section><section class=\"container\"><div class=\"row-wrapper-x\"><\/div><\/section><section class=\"blox  dark\" style=\" padding-top:px; padding-bottom:px;  background: url('https:\/\/balsamedia.com\/wp-content\/uploads\/2015\/12\/pt-bg02.jpg') repeat ; background-position: center center; min-height:px;  background-color:#00c2e5;\"><div class=\"max-overlay\" style=\"background-color:\"><\/div><div class=\"wpb_row vc_row-fluid full-row\"><div class=\"container\"><div class=\"wpb_column vc_column_container vc_col-sm-12\"><div class=\"vc_column-inner\"><div class=\"wpb_wrapper\"><hr class=\"vertical-space3\"><div class=\"vc_row wpb_row vc_inner vc_row-fluid\"><div class=\"aligncenter wpb_column vc_column_container vc_col-sm-12\"><div class=\"vc_column-inner\"><div class=\"wpb_wrapper\">\n\t<div class=\"wpb_text_column wpb_content_element  wpb_animate_when_almost_visible wpb_bottom-to-top bottom-to-top\" >\n\t\t<div class=\"wpb_wrapper\">\n\t\t\t<h3 style=\"font-size: 25px; font-weight: bold; text-transform: uppercase;\">WE CREATE FROM ZERO<\/h3>\n<p>We connect bridges in web technology in order to make the client&#039;s goal come true<\/p>\n\n\t\t<\/div>\n\t<\/div>\n<hr class=\"vertical-space1\"><a href=\"https:\/\/balsamedia.com\/en\/cotizar\/\" class=\"button white  medium bordered-bot\" target=\"_self\">SEE PORTFOLIO<\/a><\/div><\/div><\/div><\/div><hr class=\"vertical-space2\"><\/div><\/div><\/div><\/div><\/div><\/section><section class=\"container\"><div class=\"row-wrapper-x\"><\/p>","protected":false},"excerpt":{"rendered":"NUESTROS SERVICIOS DISE\u00d1O WEBTener un dise\u00f1o web \u00fanico es importante desde el proceso de branding y marketing de tu empresa o tiendaM\u00e1s Informaci\u00f3n POSICIONAMIENTO SEOTrabajando de la mano contigo, con los contenidos y la estructura de tu web, podremos alcanzar las primeras posiciones de resultados naturales (SERP: Search Engine Result Pages).M\u00e1s Informaci\u00f3nMARKETING REDES SOCIALESUna poderosa herramienta de comunicaci\u00f3n, las redes sociales les permite a las empresas llegar a sus clientes donde est\u00e1n, a la vez que empoderan sus marcas y expanden su base de clientes.M\u00e1s Informaci\u00f3n COMERCIO ELECTR\u00d3NICOTodo el mundo sabe que las tiendas minoristas son un buen negocio, sin importar lo que venda; siempre habr\u00e1 personas cerca de usted dispuestas a comprar sus productos o servicios. Pero una tienda minorista est\u00e1 limitada a su ubicaci\u00f3n geogr\u00e1fica. Si quieres ir al mundo, no hay l\u00edmites para internet.M\u00e1s Informaci\u00f3nBRANDING EMPRESARIALDesde el logo, la paleta de colores hasta la papeler\u00eda empresarial, dise\u00f1amos el branding total de tu empresaM\u00e1s Informaci\u00f3n MARKETING NEGOCIO LOCALEl marketing local es un aspecto crucial de una estrategia de marketing de Internet exitosa e integral. Para la empresa con m\u00faltiples ubicaciones o la corporaci\u00f3n que busca m\u00e1s clientes locales, un enfoque tradicional de SEO no ser\u00e1 suficiente.M\u00e1s informaci\u00f3n Empecemos con tu Proyecto Te ayudaremos a lograr tus metas y hacer crecer tu negocio. EMPEZAR AHORA CREAMOS DESDE CERO Conectamos puentes en tecnolog\u00eda web con el fin de hacer la meta del cliente realidad VER PORTAFOLIO","protected":false},"author":1,"featured_media":0,"parent":0,"menu_order":0,"comment_status":"closed","ping_status":"closed","template":"","meta":{"inline_featured_image":false,"_monsterinsights_skip_tracking":false,"_monsterinsights_sitenote_active":false,"_monsterinsights_sitenote_note":"","_monsterinsights_sitenote_category":0,"_joinchat":[],"footnotes":""},"_links":{"self":[{"href":"https:\/\/balsamedia.com\/en\/wp-json\/wp\/v2\/pages\/5820"}],"collection":[{"href":"https:\/\/balsamedia.com\/en\/wp-json\/wp\/v2\/pages"}],"about":[{"href":"https:\/\/balsamedia.com\/en\/wp-json\/wp\/v2\/types\/page"}],"author":[{"embeddable":true,"href":"https:\/\/balsamedia.com\/en\/wp-json\/wp\/v2\/users\/1"}],"replies":[{"embeddable":true,"href":"https:\/\/balsamedia.com\/en\/wp-json\/wp\/v2\/comments?post=5820"}],"version-history":[{"count":18,"href":"https:\/\/balsamedia.com\/en\/wp-json\/wp\/v2\/pages\/5820\/revisions"}],"predecessor-version":[{"id":11642,"href":"https:\/\/balsamedia.com\/en\/wp-json\/wp\/v2\/pages\/5820\/revisions\/11642"}],"wp:attachment":[{"href":"https:\/\/balsamedia.com\/en\/wp-json\/wp\/v2\/media?parent=5820"}],"curies":[{"name":"wp","href":"https:\/\/api.w.org\/{rel}","templated":true}]}}