{"id":5675,"date":"2015-12-15T09:59:20","date_gmt":"2015-12-15T14:59:20","guid":{"rendered":"http:\/\/webnus.biz\/themes\/easyweb\/seo\/?page_id=5675"},"modified":"2020-12-17T21:23:48","modified_gmt":"2020-12-18T02:23:48","slug":"contacto","status":"publish","type":"page","link":"https:\/\/balsamedia.com\/en\/contacto\/","title":{"rendered":"Contact"},"content":{"rendered":"<p><\/div><\/section><section  class=\"parallax-sec  dark  blox aligncenter page-title-x    w-animate\" style=\" padding-top:px; padding-bottom:px;  background: url('https:\/\/balsamedia.com\/wp-content\/uploads\/2016\/02\/blx-d-p15.jpg') no-repeat center; background-size: cover; min-height:px; \" data-stellar-background-ratio=\"0.7\"><div class=\"max-overlay\" style=\"background-color:\"><\/div><div data-stellar-ratio=\"1\" class=\"wpb_row vc_row-fluid\"><div class=\"container\"><div class=\"wpb_column vc_column_container vc_col-sm-12\"><div class=\"vc_column-inner\"><div class=\"wpb_wrapper\"><hr class=\"vertical-space5\"><hr class=\"vertical-space5\"><hr class=\"vertical-space1\">\n\t<div class=\"wpb_text_column wpb_content_element\" >\n\t\t<div class=\"wpb_wrapper\">\n\t\t\t<h2 class=\"respo-tagline\" style=\"text-align: center; letter-spacing: 1px;\"><strong>LET&#039;S TALK ABOUT YOUR PROJECT<\/strong><\/h2>\n\n\t\t<\/div>\n\t<\/div>\n<hr class=\"vertical-space4\"><hr class=\"vertical-space5\"><\/div><\/div><\/div><\/div><\/div><\/section><section class=\"container\"><div class=\"row-wrapper-x\"><section class=\"wpb_row  m-bottom w-animate\"><div class=\"wpb_column vc_column_container vc_col-sm-12\"><div class=\"vc_column-inner vc_custom_1454746472228\"><div class=\"wpb_wrapper\"><hr class=\"vertical-space5\"><div class=\"vc_row wpb_row vc_inner vc_row-fluid easydesign-contact\"><div class=\"wpb_column vc_column_container vc_col-sm-6\"><div class=\"vc_column-inner\"><div class=\"wpb_wrapper\">\n\t<div class=\"wpb_text_column wpb_content_element\" >\n\t\t<div class=\"wpb_wrapper\">\n\t\t\t<h4>LET&#039;S KEEP THE <strong>CONTACT<\/strong><\/h4>\n<p>Communication at all stages of the project is vital. Do not hesitate to give us a call or send us an email, for us it is important to resolve all your doubts and insecurities.<\/p>\n\n\t\t<\/div>\n\t<\/div>\n<hr class=\"vertical-space1\"><article class=\"icon-box\" ><i class=\"sl-call-out\" style=\"\"><\/i><h4>call us<\/h4><p>+51 969.970.225<\/p><\/article><hr class=\"vertical-space1\"><article class=\"icon-box\" ><i class=\"sl-location-pin\" style=\"\"><\/i><h4>Address<\/h4><p>Passage the Patricians 136, Jes\u00fas Mar\u00eda, Lima, Peru<\/p><\/article><hr class=\"vertical-space1\"><article class=\"icon-box\" ><i class=\"sl-envelope-open\" style=\"\"><\/i><h4>Mail<\/h4><p>hello@balsamedia.com<br \/>\nfranco@balsamedia.com<\/p><\/article><\/div><\/div><\/div><div class=\"wpb_column vc_column_container vc_col-sm-6\"><div class=\"vc_column-inner\"><div class=\"wpb_wrapper\">\n\t<div class=\"w-map\">\n\t\t<div id=\"map_69f729b20bbcb\" style=\"height:400px;\"><\/div>\n\t<\/div>\n\t\n\t\t\n\t<script type=\"text\/javascript\">\n\tjQuery(document).ready(function() {\n\n\t\t\/\/ init google map\n\t\tfunction initMap() {\n\n\t\t\tif ( Math.max(document.documentElement.clientWidth, window.innerWidth || 0) > 767 ) {\n\t\t\t\tvar isDraggable = true;\n\t\t\t} else {\n\t\t\t\tvar isDraggable = false;\n\t\t\t}\n\n\t\t\tvar map = new google.maps.Map(document.getElementById('map_69f729b20bbcb'), {\n\t\t\t\tmapTypeControl: true,\n\t\t\t\tzoomControl: false,\n\t\t\t\tscrollwheel: false,\n\t\t\t\tstreetViewControl: false,\n\t\t\t\tscaleControl: false,\n\t\t\t\tzoom: 14,\n\t\t\t\tbackgroundColor: '',\n\t\t\t\tcenter: {lat: -12.086089, lng: -77.056685},\n\t\t\t\tdraggable: true,\n\t\t\t\tmapTypeControlOptions: {\n\t\t\t\t\tmapTypeIds: ['roadmap']\n\t\t\t\t},\n\t\t\t\tstyles: [{\n\t\t\t\t\tstylers: [\n\t\t\t\t\t\t{ hue: '#c4001a' }\n\t\t\t\t\t]\n\t\t\t\t}]\n\t\t\t});\n\t\t\tsetMarkers(map);\n\t\t}\n\n\t\t\/\/ call init map function\n\t\tinitMap();\n\n\t\tfunction setMarkers(map) {\n\t\t\tvar items = [\n\t\t\t\t['',-12.086089,-77.056685,'','BalsaMedia'],\t\t\t];\n\n\t\t\t\n\t\t\tif ( typeof items != 'undefined' ) {\n\t\t\t\tfor ( var i = 0; i < items.length; i++ ) {\n\t\t\t\t\tvar item = items[i];\n\t\t\t\t\tvar marker = new google.maps.Marker({\n\t\t\t\t\t\tmap: map,\n\t\t\t\t\t\tanimation: google.maps.Animation.DROP,\t\t\t\t\t\tposition: {lat: item[1], lng: item[2]},\n\t\t\t\t\t\ticon: item[3],\n\t\t\t\t\t\ttitle: item[0],\n\t\t\t\t\t\tcontent: item[4],\n\t\t\t\t\t});\n\t\t\t\t\t\n\t\t\t\t   \/\/ Allow each marker to have an info window    \n\t\t\t\t\tgoogle.maps.event.addListener(marker, 'click', (function (marker, index) {\n\t\t\t\t\t\treturn function () {\n\t\t\t\t\t\t\tif( this.content ) {\n\t\t\t\t\t\t\t\tinfoWindow.setContent(this.content);\n\t\t\t\t\t\t\t\tinfoWindow.open(map, this);\n\t\t\t\t\t\t\t}\n\t\t\t\t\t\t}\n\t\t\t\t\t})(marker, index));\n\t\t\t\t\t\n\t\t\t\t\tvar infoWindow = new google.maps.InfoWindow({ \n\t\t\t\t\t\tcontent: item[4],\n\t\t\t\t\t\tmaxWidth: 250\n\t\t\t\t\t}), marker, index;\n\t\t\t\t\t\n\t\t\t\t\tmarker.addListener('click', function() {\n\t\t\t\t\t\tmap.setZoom(14);\n\t\t\t\t\t\tmap.setCenter(marker.position);\n\t\t\t\t\t});\n\t\t\t\t}\n\t\t\t}\n\t\t}\n\t});\n\t<\/script>\n\n\t<\/div><\/div><\/div><\/div><hr class=\"vertical-space5\"><\/div><\/div><\/div><\/section><\/div><\/section><section class=\"blox  dark\" style=\" padding-top:50px; padding-bottom:24px;  background: url('https:\/\/balsamedia.com\/wp-content\/uploads\/2015\/12\/callout_bg01.jpg') no-repeat ; background-position: center center;background-size: cover; min-height:px;  background-color:#00c2e5;\"><div class=\"max-overlay\" style=\"background-color:\"><\/div><div class=\"wpb_row vc_row-fluid full-row\"><div class=\"container\"><div class=\"wpb_column vc_column_container vc_col-sm-8\"><div class=\"vc_column-inner\"><div class=\"wpb_wrapper\">\n\t<div class=\"wpb_text_column wpb_content_element\" >\n\t\t<div class=\"wpb_wrapper\">\n\t\t\t<h4>Let&#039;s start with your project<\/h4>\n<p>We will help you achieve your goals and grow your business.<\/p>\n\n\t\t<\/div>\n\t<\/div>\n<\/div><\/div><\/div><div class=\"alignright wpb_column vc_column_container vc_col-sm-4\"><div class=\"vc_column-inner vc_custom_1460355274722\"><div class=\"wpb_wrapper\"><a href=\"https:\/\/balsamedia.com\/en\/cotizar\/\" class=\"button white  medium bordered-bot\" target=\"_self\">REQUEST A QUOTE<\/a><\/div><\/div><\/div><\/div><\/div><\/section><section class=\"container\"><div class=\"row-wrapper-x\"><\/p>","protected":false},"excerpt":{"rendered":"HABLEMOS DE TU PROYECTO MANTENGAMOS EL CONTACTO La comunicaci\u00f3n en toda etapa del proyecto es vital. No dudes en darnos una llamada o mandarnos un correo, para nosotros es importante resolver todas tus dudas e inseguridades. Ll\u00e1manos+51 969.970.225Direcci\u00f3nPasaje los Patricios 136, Jes\u00fas Mar\u00eda, Lima, Per\u00faCorreoshola@balsamedia.com franco@balsamedia.com jQuery(document).ready(function() { \/\/ init google map function initMap() { if ( Math.max(document.documentElement.clientWidth, window.innerWidth || 0) > 767 ) { var isDraggable = true; } else { var isDraggable = false; } var map = new google.maps.Map(document.getElementById('map_69f729b20dfeb'), { mapTypeControl: true, zoomControl: false, scrollwheel: false, streetViewControl: false, scaleControl: false, zoom: 14, backgroundColor: '', center: {lat: -12.086089, lng: -77.056685}, draggable: true, mapTypeControlOptions: { mapTypeIds: ['roadmap'] }, styles: [{ stylers: [ { hue: '#c4001a' } ] }] }); setMarkers(map); } \/\/ call init map function initMap(); function setMarkers(map) { var items = [ ['',-12.086089,-77.056685,'','BalsaMedia'], ]; if ( typeof items != 'undefined' ) { for ( var i = 0; i < items.length; i++ ) { var item = items[i]; var marker = new google.maps.Marker({ map: map, animation: google.maps.Animation.DROP, position: {lat: item[1], lng: item[2]}, icon: item[3], title: item[0], content: item[4], }); \/\/ Allow each marker to have an info window google.maps.event.addListener(marker, 'click', (function (marker, index) { return function () { if( this.content ) { infoWindow.setContent(this.content); infoWindow.open(map, this); } } })(marker, index)); var infoWindow = new google.maps.InfoWindow({ content: item[4], maxWidth: 250 }), marker, index; marker.addListener('click', function() { map.setZoom(14); map.setCenter(marker.position); }); } } } }); Empecemos con tu proyecto Te ayudaremos a conseguir tus metas y a crecer tu negocio. COTIZAR","protected":false},"author":1,"featured_media":0,"parent":0,"menu_order":0,"comment_status":"closed","ping_status":"closed","template":"","meta":{"inline_featured_image":false,"_monsterinsights_skip_tracking":false,"_monsterinsights_sitenote_active":false,"_monsterinsights_sitenote_note":"","_monsterinsights_sitenote_category":0,"_joinchat":[],"footnotes":""},"_links":{"self":[{"href":"https:\/\/balsamedia.com\/en\/wp-json\/wp\/v2\/pages\/5675"}],"collection":[{"href":"https:\/\/balsamedia.com\/en\/wp-json\/wp\/v2\/pages"}],"about":[{"href":"https:\/\/balsamedia.com\/en\/wp-json\/wp\/v2\/types\/page"}],"author":[{"embeddable":true,"href":"https:\/\/balsamedia.com\/en\/wp-json\/wp\/v2\/users\/1"}],"replies":[{"embeddable":true,"href":"https:\/\/balsamedia.com\/en\/wp-json\/wp\/v2\/comments?post=5675"}],"version-history":[{"count":11,"href":"https:\/\/balsamedia.com\/en\/wp-json\/wp\/v2\/pages\/5675\/revisions"}],"predecessor-version":[{"id":12711,"href":"https:\/\/balsamedia.com\/en\/wp-json\/wp\/v2\/pages\/5675\/revisions\/12711"}],"wp:attachment":[{"href":"https:\/\/balsamedia.com\/en\/wp-json\/wp\/v2\/media?parent=5675"}],"curies":[{"name":"wp","href":"https:\/\/api.w.org\/{rel}","templated":true}]}}