{"id":11565,"date":"2017-09-19T13:49:55","date_gmt":"2017-09-19T18:49:55","guid":{"rendered":"https:\/\/balsamedia.com\/?page_id=11565"},"modified":"2023-10-19T14:08:06","modified_gmt":"2023-10-19T19:08:06","slug":"cotizar","status":"publish","type":"page","link":"https:\/\/balsamedia.com\/en\/cotizar\/","title":{"rendered":"Quote"},"content":{"rendered":"<p><\/div><\/section><section  class=\"parallax-sec  dark  blox aligncenter page-title-x    w-animate\" style=\" padding-top:px; padding-bottom:px;  background: url('https:\/\/balsamedia.com\/wp-content\/uploads\/2016\/06\/blx-d-n09.jpg') no-repeat center; background-size: cover; min-height:px; \" data-stellar-background-ratio=\"0.7\"><div class=\"max-overlay\" style=\"background-color:rgba(12,12,12,0.81)\"><\/div><div data-stellar-ratio=\"1\" class=\"wpb_row vc_row-fluid\"><div class=\"container\"><div class=\"wpb_column vc_column_container vc_col-sm-12 vc_hidden-md vc_hidden-sm vc_hidden-xs\"><div class=\"vc_column-inner\"><div class=\"wpb_wrapper\"><hr class=\"vertical-space5\"><hr class=\"vertical-space5\"><hr class=\"vertical-space1\">\n\t<div class=\"wpb_text_column wpb_content_element\" >\n\t\t<div class=\"wpb_wrapper\">\n\t\t\t<p><a href=\"https:\/\/balsamedia.com\/wp-content\/uploads\/2021\/01\/BALSA_BRAND_F-08.png\"><img loading=\"lazy\" decoding=\"async\" class=\"size-medium wp-image-12743 aligncenter\" src=\"https:\/\/balsamedia.com\/wp-content\/uploads\/2021\/01\/BALSA_BRAND_F-08-300x60.png\" alt=\"\" width=\"300\" height=\"60\" srcset=\"https:\/\/balsamedia.com\/wp-content\/uploads\/2021\/01\/BALSA_BRAND_F-08-300x60.png 300w, https:\/\/balsamedia.com\/wp-content\/uploads\/2021\/01\/BALSA_BRAND_F-08-768x154.png 768w, https:\/\/balsamedia.com\/wp-content\/uploads\/2021\/01\/BALSA_BRAND_F-08-1024x205.png 1024w, https:\/\/balsamedia.com\/wp-content\/uploads\/2021\/01\/BALSA_BRAND_F-08-500x100.png 500w, https:\/\/balsamedia.com\/wp-content\/uploads\/2021\/01\/BALSA_BRAND_F-08.png 1043w\" sizes=\"(max-width: 300px) 100vw, 300px\" \/><\/a><\/p>\n\n\t\t<\/div>\n\t<\/div>\n<hr class=\"vertical-space2\">\n\t<div class=\"wpb_text_column wpb_content_element\" >\n\t\t<div class=\"wpb_wrapper\">\n\t\t\t<h2 class=\"respo-tagline\" style=\"text-align: center; letter-spacing: 1px;\"><strong>REQUEST A QUOTE<\/strong><\/h2>\n\n\t\t<\/div>\n\t<\/div>\n<hr class=\"vertical-space2\">\n\t<div class=\"wpb_text_column wpb_content_element\" >\n\t\t<div class=\"wpb_wrapper\">\n\t\t\t<h3 style=\"text-align: left;\">Take this little quiz...<\/h3>\n<h5 style=\"text-align: left;\"><strong>Please review the following before filling out the form:<\/strong><\/h5>\n<ul style=\"text-align: left;\">\n<li>The Evaluation is only for people, brands, companies that seek to sell with an Online Store or Website, or are already selling in one.<\/li>\n<li>If you do not have resources to invest, this quote is not for you.<\/li>\n<li>That doesn&#039;t mean we can&#039;t help you. If you are looking for help or a step by step guide to make your Online Store or improve your sales, <a href=\"https:\/\/links.balsamedia.com\/llamada\">Schedule a Consultation here.<\/a><\/li>\n<\/ul>\n<h5 style=\"text-align: left;\"><strong>If you meet with being a person, brand or company that is ready, please read carefully:<\/strong><\/h5>\n<ul>\n<li style=\"text-align: left;\">Please complete the form with as much detail as possible. This information will help us determine if we are mutually compatible to work together and give you a call.<\/li>\n<li style=\"text-align: left;\">After submitting this form, we will contact you by WhatsApp or Email to talk in more detail.<\/li>\n<li style=\"text-align: left;\">We will use what you answer us to be able to send you a proposal especially for you. We will provide the quote and other necessary documentation to start working together.<\/li>\n<\/ul>\n\n\t\t<\/div>\n\t<\/div>\n<hr class=\"vertical-space5\"><\/div><\/div><\/div><div class=\"wpb_column vc_column_container vc_col-sm-12 vc_hidden-lg\"><div class=\"vc_column-inner\"><div class=\"wpb_wrapper\"><hr class=\"vertical-space5\"><hr class=\"vertical-space1\">\n\t<div class=\"wpb_text_column wpb_content_element\" >\n\t\t<div class=\"wpb_wrapper\">\n\t\t\t<p><a href=\"https:\/\/balsamedia.com\/wp-content\/uploads\/2021\/01\/BALSA_BRAND_F-08.png\"><img loading=\"lazy\" decoding=\"async\" class=\"size-medium wp-image-12743 aligncenter\" src=\"https:\/\/balsamedia.com\/wp-content\/uploads\/2021\/01\/BALSA_BRAND_F-08-300x60.png\" alt=\"\" width=\"300\" height=\"60\" srcset=\"https:\/\/balsamedia.com\/wp-content\/uploads\/2021\/01\/BALSA_BRAND_F-08-300x60.png 300w, https:\/\/balsamedia.com\/wp-content\/uploads\/2021\/01\/BALSA_BRAND_F-08-768x154.png 768w, https:\/\/balsamedia.com\/wp-content\/uploads\/2021\/01\/BALSA_BRAND_F-08-1024x205.png 1024w, https:\/\/balsamedia.com\/wp-content\/uploads\/2021\/01\/BALSA_BRAND_F-08-500x100.png 500w, https:\/\/balsamedia.com\/wp-content\/uploads\/2021\/01\/BALSA_BRAND_F-08.png 1043w\" sizes=\"(max-width: 300px) 100vw, 300px\" \/><\/a><\/p>\n\n\t\t<\/div>\n\t<\/div>\n<hr class=\"vertical-space2\">\n\t<div class=\"wpb_text_column wpb_content_element\" >\n\t\t<div class=\"wpb_wrapper\">\n\t\t\t<h2 class=\"respo-tagline\" style=\"text-align: center; letter-spacing: 1px;\"><strong>REQUEST A QUOTE<\/strong><\/h2>\n\n\t\t<\/div>\n\t<\/div>\n<hr class=\"vertical-space2\">\n\t<div class=\"wpb_text_column wpb_content_element\" >\n\t\t<div class=\"wpb_wrapper\">\n\t\t\t<h3 style=\"text-align: left;\">Take this little quiz...<\/h3>\n<h5 style=\"text-align: left;\"><strong>Please review the following before filling out the form:<\/strong><\/h5>\n<ul style=\"text-align: left;\">\n<li>The Evaluation is only for people, brands, companies that seek to sell with an Online Store or Website, or are already selling in one.<\/li>\n<li>If you do not have resources to invest, this quote is not for you.<\/li>\n<li>That doesn&#039;t mean we can&#039;t help you. If you are looking for help or a step by step guide to make your Online Store or improve your sales, <a href=\"https:\/\/links.balsamedia.com\/llamada\">Schedule a Consultation here.<\/a><\/li>\n<\/ul>\n<h5 style=\"text-align: left;\"><strong>If you meet with being a person, brand or company that is ready, please read carefully:<\/strong><\/h5>\n<ul>\n<li style=\"text-align: left;\">Please complete the form with as much detail as possible. This information will help us determine if we are mutually compatible to work together and give you a call.<\/li>\n<li style=\"text-align: left;\">After submitting this form, we will contact you by WhatsApp or Email to talk in more detail.<\/li>\n<li style=\"text-align: left;\">We will use what you answer us to be able to send you a proposal especially for you. We will provide the quote and other necessary documentation to start working together.<\/li>\n<\/ul>\n\n\t\t<\/div>\n\t<\/div>\n<hr class=\"vertical-space5\"><\/div><\/div><\/div><\/div><\/div><\/section><section class=\"container\"><div class=\"row-wrapper-x\"><\/div><\/section><section  class=\"wpb_row   full-row\"><div class=\"wpb_column vc_column_container vc_col-sm-12\"><div class=\"vc_column-inner vc_custom_1685467847113\"><div class=\"wpb_wrapper\">\n\t<div class=\"wpb_raw_code wpb_content_element wpb_raw_html vc_custom_1685467896104\" >\n\t\t<div class=\"wpb_wrapper\">\n\t\t\t<script type=\"text\/javascript\" src=\"https:\/\/form.jotform.com\/jsform\/222015459291655\"><\/script>\n\t\t<\/div>\n\t<\/div>\n\n\t<div class=\"wpb_text_column wpb_content_element\" >\n\t\t<div class=\"wpb_wrapper\">\n\t\t\t<p style=\"text-align: center;\">If you come from TikTok, send me an emoji \ud83d\udcbb. \ud83d\ude09<\/p>\n<p style=\"text-align: center; color: black;\"><strong>BALSA MEDIA.<br \/>\nALL RIGHTS RESERVED @ 2023.<\/strong><\/p>\n\n\t\t<\/div>\n\t<\/div>\n<\/div><\/div><\/div><\/section><section class=\"container\"><div class=\"row-wrapper-x\"><\/div><\/section><section class=\"blox  page-title-x    w-animate\" style=\" padding-top:50px; padding-bottom:50px; background-size: cover; min-height:px;  background-color:#f7f7f7;\"><div class=\"max-overlay\" style=\"background-color:\"><\/div><div class=\"wpb_row vc_row-fluid full-row\"><div class=\"container\"><div class=\"wpb_column vc_column_container vc_col-sm-2\"><div class=\"vc_column-inner\"><div class=\"wpb_wrapper\"><\/div><\/div><\/div><div class=\"wpb_column vc_column_container vc_col-sm-8 vc_hidden-lg vc_hidden-md vc_hidden-sm vc_hidden-xs\"><div class=\"vc_column-inner\"><div class=\"wpb_wrapper\"><hr class=\"vertical-space5\">\n\t<div class=\"wpb_text_column wpb_content_element\" >\n\t\t<div class=\"wpb_wrapper\">\n\t\t\t<h3 style=\"text-align: center;\"><strong>Please write your data<\/strong><\/h3>\n<p style=\"text-align: center;\">Complete the form to receive a FREE Quote for our Services. We will respond as soon as possible.<\/p>\n\n\t\t<\/div>\n\t<\/div>\n<hr class=\"vertical-space3\"><div role=\"form\" class=\"wpcf7\" id=\"wpcf7-f31-o1\" lang=\"en-US\" dir=\"ltr\">\n<div class=\"screen-reader-response\"><\/div>\n<form action=\"\/en\/wp-json\/wp\/v2\/pages\/11565#wpcf7-f31-o1\" method=\"post\" class=\"wpcf7-form\" novalidate=\"novalidate\" data-trp-original-action=\"\/en\/wp-json\/wp\/v2\/pages\/11565#wpcf7-f31-o1\">\n<div style=\"display: none;\">\n<input type=\"hidden\" name=\"_wpcf7\" value=\"31\" \/>\n<input type=\"hidden\" name=\"_wpcf7_version\" value=\"4.9\" \/>\n<input type=\"hidden\" name=\"_wpcf7_locale\" value=\"en_US\" \/>\n<input type=\"hidden\" name=\"_wpcf7_unit_tag\" value=\"wpcf7-f31-o1\" \/>\n<input type=\"hidden\" name=\"_wpcf7_container_post\" value=\"0\" \/>\n<\/div>\n<div id=\"seo_consolation_form\">\n<div class=\"row\">\n<div class=\"col-sm-6\">\n<p class=\"seotitle\">Your name*<\/p>\n<p>      <span class=\"wpcf7-form-control-wrap Name\"><input type=\"text\" name=\"Name\" value=\"\" size=\"40\" class=\"wpcf7-form-control wpcf7-text wpcf7-validates-as-required seostyle\" aria-required=\"true\" aria-invalid=\"false\" \/><\/span>\n    <\/p><\/div>\n<div class=\"col-sm-6\">\n<p class=\"seotitle\">Your telephone*<\/p>\n<p>      <span class=\"wpcf7-form-control-wrap Phone\"><input type=\"tel\" name=\"Phone\" value=\"\" size=\"40\" class=\"wpcf7-form-control wpcf7-text wpcf7-tel wpcf7-validates-as-required wpcf7-validates-as-tel seostyle\" aria-required=\"true\" aria-invalid=\"false\" \/><\/span>\n    <\/p><\/div><\/div>\n<div class=\"row\">\n<div class=\"col-sm-6\">\n<p class=\"seotitle\">Your email*<\/p>\n<p>      <span class=\"wpcf7-form-control-wrap your-email\"><input type=\"email\" name=\"your-email\" value=\"\" size=\"40\" class=\"wpcf7-form-control wpcf7-text wpcf7-email wpcf7-validates-as-required wpcf7-validates-as-email seostyle\" aria-required=\"true\" aria-invalid=\"false\" \/><\/span>\n    <\/p><\/div>\n<div class=\"col-sm-6\">\n<p class=\"seotitle\">Your Website<\/p>\n<p>      <span class=\"wpcf7-form-control-wrap Your-Website\"><input type=\"text\" name=\"Your-Website\" value=\"\" size=\"40\" class=\"wpcf7-form-control wpcf7-text seostyle\" aria-invalid=\"false\" \/><\/span>\n    <\/p><\/div><\/div>\n<div class=\"row\">\n<div class=\"col-sm-12\">\n<p class=\"seotitle\">how can we help you?<\/p>\n<p>            <span class=\"wpcf7-form-control-wrap textarea\"><textarea name=\"textarea\" cols=\"40\" rows=\"10\" class=\"wpcf7-form-control wpcf7-textarea seostyle\" aria-invalid=\"false\"><\/textarea><\/span>\n      <\/p><\/div><\/div>\n<div class=\"row\">\n<div class=\"col-sm-6\">\n<p class=\"checkboxtitle\">What is your goal?<\/p>\n<\/p><\/div>\n<div class=\"col-sm-6\"><\/div><\/div>\n<div class=\"row\">\n<div class=\"col-sm-6\">\n<p class=\"checkbox_seo_title\"><span class=\"wpcf7-form-control-wrap checkbox\"><span class=\"wpcf7-form-control wpcf7-checkbox seo_from_checkbox\"><span class=\"wpcf7-list-item first\"><label><input type=\"checkbox\" name=\"checkbox[]\" value=\"Dise\u00f1o Web\" \/><span class=\"wpcf7-list-item-label\">Web design<\/span><\/label><\/span><span class=\"wpcf7-list-item\"><label><input type=\"checkbox\" name=\"checkbox[]\" value=\"Marketing Digital\" \/><span class=\"wpcf7-list-item-label\">Digital marketing<\/span><\/label><\/span><span class=\"wpcf7-list-item last\"><label><input type=\"checkbox\" name=\"checkbox[]\" value=\"Branding Empresarial\" \/><span class=\"wpcf7-list-item-label\">Business Branding<\/span><\/label><\/span><\/span><\/span><\/p>\n<\/p><\/div>\n<div class=\"col-sm-6\">\n<p class=\"checkbox_seo_title\"><span class=\"wpcf7-form-control-wrap checkbox-745\"><span class=\"wpcf7-form-control wpcf7-checkbox seo_from_checkbox\"><span class=\"wpcf7-list-item first\"><label><input type=\"checkbox\" name=\"checkbox-745[]\" value=\"Optimizaci\u00f3n SEO\" \/><span class=\"wpcf7-list-item-label\">SEO optimization<\/span><\/label><\/span><span class=\"wpcf7-list-item\"><label><input type=\"checkbox\" name=\"checkbox-745[]\" value=\"Marketing Negocio Local\" \/><span class=\"wpcf7-list-item-label\">Local Business Marketing<\/span><\/label><\/span><span class=\"wpcf7-list-item\"><label><input type=\"checkbox\" name=\"checkbox-745[]\" value=\"Marketing E-Commerce\" \/><span class=\"wpcf7-list-item-label\">E-Commerce Marketing<\/span><\/label><\/span><span class=\"wpcf7-list-item last\"><label><input type=\"checkbox\" name=\"checkbox-745[]\" value=\"Marketing de Redes Sociales\" \/><span class=\"wpcf7-list-item-label\">Social Media Marketing<\/span><\/label><\/span><\/span><\/span><\/p>\n<\/p><\/div><\/div>\n<div class=\"row\">\n<div class=\"col-sm-5 seo_contact_btn\">\n      <input type=\"submit\" value=\"SEND\" class=\"wpcf7-form-control wpcf7-submit seo_form_btn_sent seo_form_btn_style\" \/>\n    <\/div><\/div>\n<\/div>\n<div class=\"wpcf7-response-output wpcf7-display-none\"><\/div><input type=\"hidden\" name=\"trp-form-language\" value=\"en\"\/><\/form><\/div><hr class=\"vertical-space5\"><\/div><\/div><\/div><div class=\"wpb_column vc_column_container vc_col-sm-2\"><div class=\"vc_column-inner\"><div class=\"wpb_wrapper\"><\/div><\/div><\/div><\/div><\/div><\/section><section class=\"container\"><div class=\"row-wrapper-x\"><\/div><\/section><section class=\"blox  dark      w-animate\" style=\" padding-top:px; padding-bottom:px;  background: url('https:\/\/balsamedia.com\/wp-content\/uploads\/2015\/12\/pt-bg02.jpg') repeat ; background-position: center center; min-height:px;  background-color:#00c2e5;\"><div class=\"max-overlay\" style=\"background-color:\"><\/div><div class=\"wpb_row vc_row-fluid full-row\"><div class=\"container\"><div class=\"wpb_column vc_column_container vc_col-sm-12 vc_hidden-lg vc_hidden-md vc_hidden-sm vc_hidden-xs\"><div class=\"vc_column-inner\"><div class=\"wpb_wrapper\"><hr class=\"vertical-space3\"><div class=\"vc_row wpb_row vc_inner vc_row-fluid\"><div class=\"aligncenter wpb_column vc_column_container vc_col-sm-12\"><div class=\"vc_column-inner\"><div class=\"wpb_wrapper\">\n\t<div class=\"wpb_text_column wpb_content_element  wpb_animate_when_almost_visible wpb_bottom-to-top bottom-to-top\" >\n\t\t<div class=\"wpb_wrapper\">\n\t\t\t<h1 style=\"text-align: center;\">WE CREATE FROM <strong>ZERO<\/strong><\/h1>\n<p>We connect bridges in web technology in order to make the client&#039;s goal come true<\/p>\n\n\t\t<\/div>\n\t<\/div>\n<hr class=\"vertical-space1\"><a href=\"\/en\/trabajos\/\" class=\"button white  medium bordered-bot\" target=\"_self\">SEE PORTFOLIO<\/a><\/div><\/div><\/div><\/div><hr class=\"vertical-space2\"><\/div><\/div><\/div><\/div><\/div><\/section><section class=\"container\"><div class=\"row-wrapper-x\"><\/p>","protected":false},"excerpt":{"rendered":"SOLICITA UNA COTIZACI\u00d3N Realiza este peque\u00f1o Cuestionario... Por favor revisar lo siguiente antes de llenar el formulario: La Evaluaci\u00f3n es \u00fanicamente para personas, marcas, empresas que buscan vender con una Tienda Online o P\u00e1gina web, o ya est\u00e9n vendiendo en una. De no tener recursos para invertir, esta cotizaci\u00f3n no es para ti. Eso no significa que no podemos ayudarte. Si est\u00e1s buscando ayuda o una gu\u00eda paso a paso en hacer tu Tienda Online o mejorar tus ventas, agenda una Asesor\u00eda aqu\u00ed. Si cumples con ser una persona, marca o empresa que est\u00e1 lista, por favor lee detenidamente: Por favor completa el formulario con el mayor detalle posible. Esta informaci\u00f3n nos ayudar\u00e1 a determinar si somos compatibles mutuamente para trabajar juntos y darte una llamada. Despu\u00e9s de enviar este formulario, te contactaremos por WhatsApp o Email para conversar m\u00e1s a detalle. Usaremos lo que nos respondas para poder enviarte una propuesta especialmente para ti. Proveeremos de la cotizaci\u00f3n y dem\u00e1s documentaci\u00f3n necesaria para empezar a trabajar juntos. SOLICITA UNA COTIZACI\u00d3N Realiza este peque\u00f1o Cuestionario... Por favor revisar lo siguiente antes de llenar el formulario: La Evaluaci\u00f3n es \u00fanicamente para personas, marcas, empresas que buscan vender con una Tienda Online o P\u00e1gina web, o ya est\u00e9n vendiendo en una. De no tener recursos para invertir, esta cotizaci\u00f3n no es para ti. Eso no significa que no podemos ayudarte. Si est\u00e1s buscando ayuda o una gu\u00eda paso a paso en hacer tu Tienda Online o mejorar tus ventas, agenda una Asesor\u00eda aqu\u00ed. Si cumples con ser una persona, marca o empresa que est\u00e1 lista, por favor lee detenidamente: Por favor completa el formulario con el mayor detalle posible. Esta informaci\u00f3n nos ayudar\u00e1 a determinar si somos compatibles mutuamente para trabajar juntos y darte una llamada. Despu\u00e9s de enviar este formulario, te... <br><br><a class=\"readmore\" href=\"https:\/\/balsamedia.com\/en\/cotizar\/\">Continue Reading<\/a>","protected":false},"author":1,"featured_media":12808,"parent":0,"menu_order":0,"comment_status":"closed","ping_status":"closed","template":"","meta":{"inline_featured_image":false,"_monsterinsights_skip_tracking":false,"_monsterinsights_sitenote_active":false,"_monsterinsights_sitenote_note":"","_monsterinsights_sitenote_category":0,"_joinchat":[],"footnotes":""},"_links":{"self":[{"href":"https:\/\/balsamedia.com\/en\/wp-json\/wp\/v2\/pages\/11565"}],"collection":[{"href":"https:\/\/balsamedia.com\/en\/wp-json\/wp\/v2\/pages"}],"about":[{"href":"https:\/\/balsamedia.com\/en\/wp-json\/wp\/v2\/types\/page"}],"author":[{"embeddable":true,"href":"https:\/\/balsamedia.com\/en\/wp-json\/wp\/v2\/users\/1"}],"replies":[{"embeddable":true,"href":"https:\/\/balsamedia.com\/en\/wp-json\/wp\/v2\/comments?post=11565"}],"version-history":[{"count":35,"href":"https:\/\/balsamedia.com\/en\/wp-json\/wp\/v2\/pages\/11565\/revisions"}],"predecessor-version":[{"id":12789,"href":"https:\/\/balsamedia.com\/en\/wp-json\/wp\/v2\/pages\/11565\/revisions\/12789"}],"wp:featuredmedia":[{"embeddable":true,"href":"https:\/\/balsamedia.com\/en\/wp-json\/wp\/v2\/media\/12808"}],"wp:attachment":[{"href":"https:\/\/balsamedia.com\/en\/wp-json\/wp\/v2\/media?parent=11565"}],"curies":[{"name":"wp","href":"https:\/\/api.w.org\/{rel}","templated":true}]}}